{"id":27755,"date":"2026-03-11T16:21:09","date_gmt":"2026-03-11T15:21:09","guid":{"rendered":"https:\/\/marneantic.com\/?post_type=product&#038;p=27755"},"modified":"2026-03-11T16:30:33","modified_gmt":"2026-03-11T15:30:33","slug":"plat-de-service-ancien-en-faience-de-creil-montereau-modele-mignon","status":"publish","type":"product","link":"https:\/\/marneantic.com\/index.php\/produit\/plat-de-service-ancien-en-faience-de-creil-montereau-modele-mignon\/","title":{"rendered":"Plat de service ancien en fa\u00efence de Creil Montereau, mod\u00e8le MIGNON"},"content":{"rendered":"","protected":false},"excerpt":{"rendered":"<p><span style=\"font-family: Arial; font-size: large;\">Plat de service ancien en fa\u00efence de Creil Montereau, mod\u00e8le MIGNON, fin 19eme, en bon \u00e9tat, a signaler un tout petit saut\u00a0 sur le rebord(voir photo)<\/span><\/p>\n<div><strong>diametre:30.2cm<\/strong><\/div>\n<div><\/div>\n","protected":false},"featured_media":27756,"comment_status":"open","ping_status":"closed","template":"","meta":{"_et_pb_use_builder":"","_et_pb_old_content":"","_et_gb_content_width":""},"product_cat":[28,7],"product_tag":[],"_links":{"self":[{"href":"https:\/\/marneantic.com\/index.php\/wp-json\/wp\/v2\/product\/27755"}],"collection":[{"href":"https:\/\/marneantic.com\/index.php\/wp-json\/wp\/v2\/product"}],"about":[{"href":"https:\/\/marneantic.com\/index.php\/wp-json\/wp\/v2\/types\/product"}],"replies":[{"embeddable":true,"href":"https:\/\/marneantic.com\/index.php\/wp-json\/wp\/v2\/comments?post=27755"}],"wp:featuredmedia":[{"embeddable":true,"href":"https:\/\/marneantic.com\/index.php\/wp-json\/wp\/v2\/media\/27756"}],"wp:attachment":[{"href":"https:\/\/marneantic.com\/index.php\/wp-json\/wp\/v2\/media?parent=27755"}],"wp:term":[{"taxonomy":"product_cat","embeddable":true,"href":"https:\/\/marneantic.com\/index.php\/wp-json\/wp\/v2\/product_cat?post=27755"},{"taxonomy":"product_tag","embeddable":true,"href":"https:\/\/marneantic.com\/index.php\/wp-json\/wp\/v2\/product_tag?post=27755"}],"curies":[{"name":"wp","href":"https:\/\/api.w.org\/{rel}","templated":true}]}}