{"id":27760,"date":"2026-03-11T16:30:48","date_gmt":"2026-03-11T15:30:48","guid":{"rendered":"https:\/\/marneantic.com\/?post_type=product&#038;p=27760"},"modified":"2026-03-11T16:56:14","modified_gmt":"2026-03-11T15:56:14","slug":"plat-de-service-ancien-en-faience-de-creil-montereau-modele-mignon-2","status":"publish","type":"product","link":"https:\/\/marneantic.com\/index.php\/produit\/plat-de-service-ancien-en-faience-de-creil-montereau-modele-mignon-2\/","title":{"rendered":"Plat de service ancien en fa\u00efence de Creil Montereau, mod\u00e8le MIGNON"},"content":{"rendered":"","protected":false},"excerpt":{"rendered":"<p><strong>Plat de service ancien en fa\u00efence de Creil Montereau, mod\u00e8le MIGNON, fin 19eme, en bon \u00e9tat, pr\u00e9sence de taches brunes dans la pate<\/strong><\/p>\n<p><strong><span style=\"font-size: large;\">diametre:28.2cm<\/span><\/strong><\/p>\n","protected":false},"featured_media":27761,"comment_status":"open","ping_status":"closed","template":"","meta":{"_et_pb_use_builder":"","_et_pb_old_content":"","_et_gb_content_width":""},"product_cat":[28,7],"product_tag":[],"_links":{"self":[{"href":"https:\/\/marneantic.com\/index.php\/wp-json\/wp\/v2\/product\/27760"}],"collection":[{"href":"https:\/\/marneantic.com\/index.php\/wp-json\/wp\/v2\/product"}],"about":[{"href":"https:\/\/marneantic.com\/index.php\/wp-json\/wp\/v2\/types\/product"}],"replies":[{"embeddable":true,"href":"https:\/\/marneantic.com\/index.php\/wp-json\/wp\/v2\/comments?post=27760"}],"wp:featuredmedia":[{"embeddable":true,"href":"https:\/\/marneantic.com\/index.php\/wp-json\/wp\/v2\/media\/27761"}],"wp:attachment":[{"href":"https:\/\/marneantic.com\/index.php\/wp-json\/wp\/v2\/media?parent=27760"}],"wp:term":[{"taxonomy":"product_cat","embeddable":true,"href":"https:\/\/marneantic.com\/index.php\/wp-json\/wp\/v2\/product_cat?post=27760"},{"taxonomy":"product_tag","embeddable":true,"href":"https:\/\/marneantic.com\/index.php\/wp-json\/wp\/v2\/product_tag?post=27760"}],"curies":[{"name":"wp","href":"https:\/\/api.w.org\/{rel}","templated":true}]}}