{"id":27788,"date":"2026-03-21T14:35:00","date_gmt":"2026-03-21T13:35:00","guid":{"rendered":"https:\/\/marneantic.com\/?post_type=product&#038;p=27788"},"modified":"2026-03-21T14:45:54","modified_gmt":"2026-03-21T13:45:54","slug":"lampadaire-porte-plantes-ancien-en-fer-forge-blanc","status":"publish","type":"product","link":"https:\/\/marneantic.com\/index.php\/produit\/lampadaire-porte-plantes-ancien-en-fer-forge-blanc\/","title":{"rendered":"Lampadaire porte-plantes ancien en fer forg\u00e9 blanc"},"content":{"rendered":"","protected":false},"excerpt":{"rendered":"<p>Lampadaire porte-plantes ancien en fer forg\u00e9 blanc<br \/>\nbon \u00e9tat, fonctionne parfaitement, l&rsquo;abat-jour sera a remplacer<br \/>\nhauteur avec abat-jour: 200cm<br \/>\nhauteur a la douille: 177cm<br \/>\ndiam\u00e8tre du pied: 53cm<br \/>\nLes produits propos\u00e9s dans notre boutique sont anciens, ils peuvent pr\u00e9sent\u00e9s des traces d\u2019usure, d&rsquo;usage ou rayures qui donnent au produit son caract\u00e8re et son authenticit\u00e9, ils sont pr\u00e9sent\u00e9s au mieux dans la description, \u00e0 travers photos et textes, merci de bien les regarder.<\/p>\n","protected":false},"featured_media":27789,"comment_status":"open","ping_status":"closed","template":"","meta":{"_et_pb_use_builder":"","_et_pb_old_content":"","_et_gb_content_width":""},"product_cat":[24,31],"product_tag":[],"_links":{"self":[{"href":"https:\/\/marneantic.com\/index.php\/wp-json\/wp\/v2\/product\/27788"}],"collection":[{"href":"https:\/\/marneantic.com\/index.php\/wp-json\/wp\/v2\/product"}],"about":[{"href":"https:\/\/marneantic.com\/index.php\/wp-json\/wp\/v2\/types\/product"}],"replies":[{"embeddable":true,"href":"https:\/\/marneantic.com\/index.php\/wp-json\/wp\/v2\/comments?post=27788"}],"wp:featuredmedia":[{"embeddable":true,"href":"https:\/\/marneantic.com\/index.php\/wp-json\/wp\/v2\/media\/27789"}],"wp:attachment":[{"href":"https:\/\/marneantic.com\/index.php\/wp-json\/wp\/v2\/media?parent=27788"}],"wp:term":[{"taxonomy":"product_cat","embeddable":true,"href":"https:\/\/marneantic.com\/index.php\/wp-json\/wp\/v2\/product_cat?post=27788"},{"taxonomy":"product_tag","embeddable":true,"href":"https:\/\/marneantic.com\/index.php\/wp-json\/wp\/v2\/product_tag?post=27788"}],"curies":[{"name":"wp","href":"https:\/\/api.w.org\/{rel}","templated":true}]}}