{"id":27796,"date":"2026-03-24T15:26:09","date_gmt":"2026-03-24T14:26:09","guid":{"rendered":"https:\/\/marneantic.com\/?post_type=product&#038;p=27796"},"modified":"2026-03-24T15:26:09","modified_gmt":"2026-03-24T14:26:09","slug":"enseigne-publicitaire-lumineuse-ancienne-de-bureau-de-tabac-lucky-strike","status":"publish","type":"product","link":"https:\/\/marneantic.com\/index.php\/produit\/enseigne-publicitaire-lumineuse-ancienne-de-bureau-de-tabac-lucky-strike\/","title":{"rendered":"Enseigne publicitaire lumineuse ancienne de bureau de tabac &#8211; LUCKY STRIKE"},"content":{"rendered":"","protected":false},"excerpt":{"rendered":"<p><strong>Enseigne publicitaire lumineuse ancienne de bureau de tabac &#8211; cigarettes LUCKY STRIKE<\/strong><\/p>\n<div><b>en bon \u00e9tat, traces d&rsquo;usage, fonctionne parfaitement<\/b><\/div>\n<div><b>avec son support mais peut-\u00eatre \u00e9galement fix\u00e9 au mur<\/b><\/div>\n<div><b>dimensions sans le socle:35&#215;26.5cm<\/b><\/div>\n","protected":false},"featured_media":27802,"comment_status":"open","ping_status":"closed","template":"","meta":{"_et_pb_use_builder":"","_et_pb_old_content":"","_et_gb_content_width":""},"product_cat":[15],"product_tag":[],"_links":{"self":[{"href":"https:\/\/marneantic.com\/index.php\/wp-json\/wp\/v2\/product\/27796"}],"collection":[{"href":"https:\/\/marneantic.com\/index.php\/wp-json\/wp\/v2\/product"}],"about":[{"href":"https:\/\/marneantic.com\/index.php\/wp-json\/wp\/v2\/types\/product"}],"replies":[{"embeddable":true,"href":"https:\/\/marneantic.com\/index.php\/wp-json\/wp\/v2\/comments?post=27796"}],"wp:featuredmedia":[{"embeddable":true,"href":"https:\/\/marneantic.com\/index.php\/wp-json\/wp\/v2\/media\/27802"}],"wp:attachment":[{"href":"https:\/\/marneantic.com\/index.php\/wp-json\/wp\/v2\/media?parent=27796"}],"wp:term":[{"taxonomy":"product_cat","embeddable":true,"href":"https:\/\/marneantic.com\/index.php\/wp-json\/wp\/v2\/product_cat?post=27796"},{"taxonomy":"product_tag","embeddable":true,"href":"https:\/\/marneantic.com\/index.php\/wp-json\/wp\/v2\/product_tag?post=27796"}],"curies":[{"name":"wp","href":"https:\/\/api.w.org\/{rel}","templated":true}]}}