{"id":27803,"date":"2026-03-24T16:59:33","date_gmt":"2026-03-24T15:59:33","guid":{"rendered":"https:\/\/marneantic.com\/?post_type=product&#038;p=27803"},"modified":"2026-03-24T17:06:07","modified_gmt":"2026-03-24T16:06:07","slug":"lot-de-deux-chaises-b32-marcel-breuer","status":"publish","type":"product","link":"https:\/\/marneantic.com\/index.php\/produit\/lot-de-deux-chaises-b32-marcel-breuer\/","title":{"rendered":"lot de deux chaises B32 Marcel Breuer"},"content":{"rendered":"","protected":false},"excerpt":{"rendered":"<p>lot de deux chaises B32 Marcel Breuer(1) en bois clair et assises\/dossiers capitonn\u00e9s en ska\u00ef beige tr\u00e8s confortable, en tr\u00e8s bon \u00e9tat, le ska\u00ef est sans dommages, les parties bois avec quelques traces d&rsquo;usage mineures (griffures, frottements) le partie acier est en tr\u00e8s bel \u00e9tat, les tampons ont \u00e9t\u00e9 chang\u00e9s<br \/>\nhauteur dossier:83.5cm<br \/>\nhauteur assise:46cm<br \/>\nlargeur:46.5cm<br \/>\nprofondeur:46.5cm<\/p>\n<p>pas d&rsquo;exp\u00e9dition postale pour cet article, remise en main propre domicile ou livraison possible en r\u00e9gion parisienne(conditions sur demande)Les produits propos\u00e9s dans notre boutique sont anciens, ils peuvent pr\u00e9sent\u00e9s des traces d\u2019usure, d&rsquo;usage ou rayures qui donnent au produit son caract\u00e8re et son authenticit\u00e9, ils sont pr\u00e9sent\u00e9s au mieux dans la description, \u00e0 travers photos et textes, merci de bien les regarder<\/p>\n<p>&nbsp;<\/p>\n","protected":false},"featured_media":27804,"comment_status":"open","ping_status":"closed","template":"","meta":{"_et_pb_use_builder":"","_et_pb_old_content":"","_et_gb_content_width":""},"product_cat":[31,16],"product_tag":[],"_links":{"self":[{"href":"https:\/\/marneantic.com\/index.php\/wp-json\/wp\/v2\/product\/27803"}],"collection":[{"href":"https:\/\/marneantic.com\/index.php\/wp-json\/wp\/v2\/product"}],"about":[{"href":"https:\/\/marneantic.com\/index.php\/wp-json\/wp\/v2\/types\/product"}],"replies":[{"embeddable":true,"href":"https:\/\/marneantic.com\/index.php\/wp-json\/wp\/v2\/comments?post=27803"}],"wp:featuredmedia":[{"embeddable":true,"href":"https:\/\/marneantic.com\/index.php\/wp-json\/wp\/v2\/media\/27804"}],"wp:attachment":[{"href":"https:\/\/marneantic.com\/index.php\/wp-json\/wp\/v2\/media?parent=27803"}],"wp:term":[{"taxonomy":"product_cat","embeddable":true,"href":"https:\/\/marneantic.com\/index.php\/wp-json\/wp\/v2\/product_cat?post=27803"},{"taxonomy":"product_tag","embeddable":true,"href":"https:\/\/marneantic.com\/index.php\/wp-json\/wp\/v2\/product_tag?post=27803"}],"curies":[{"name":"wp","href":"https:\/\/api.w.org\/{rel}","templated":true}]}}