{"id":27832,"date":"2026-03-26T15:12:32","date_gmt":"2026-03-26T14:12:32","guid":{"rendered":"https:\/\/marneantic.com\/?post_type=product&#038;p=27832"},"modified":"2026-03-26T15:14:19","modified_gmt":"2026-03-26T14:14:19","slug":"suspension-ancienne-art-deco-signee-deveau","status":"publish","type":"product","link":"https:\/\/marneantic.com\/index.php\/produit\/suspension-ancienne-art-deco-signee-deveau\/","title":{"rendered":"Suspension ancienne art d\u00e9co sign\u00e9e DEVEAU"},"content":{"rendered":"","protected":false},"excerpt":{"rendered":"<p><b>Suspension ancienne art d\u00e9co sign\u00e9e DEVEAU couleur caramel, en bon \u00e9tat(pr\u00e9sence de micro egrenure sur le rebord), \u00e9lectricit\u00e9 refaite, douille ba\u00efonnette d&rsquo;\u00e9poque, fournie sans ampoule, fil tissu torsad\u00e9 de 50cm.\u00a0<\/b><\/p>\n<div><strong>Diam\u00e8tre: 20cm<\/strong><\/div>\n<div><strong>hauteur: 7cm sans la douille<\/strong><\/div>\n","protected":false},"featured_media":27833,"comment_status":"open","ping_status":"closed","template":"","meta":{"_et_pb_use_builder":"","_et_pb_old_content":"","_et_gb_content_width":""},"product_cat":[44,24,16],"product_tag":[],"_links":{"self":[{"href":"https:\/\/marneantic.com\/index.php\/wp-json\/wp\/v2\/product\/27832"}],"collection":[{"href":"https:\/\/marneantic.com\/index.php\/wp-json\/wp\/v2\/product"}],"about":[{"href":"https:\/\/marneantic.com\/index.php\/wp-json\/wp\/v2\/types\/product"}],"replies":[{"embeddable":true,"href":"https:\/\/marneantic.com\/index.php\/wp-json\/wp\/v2\/comments?post=27832"}],"wp:featuredmedia":[{"embeddable":true,"href":"https:\/\/marneantic.com\/index.php\/wp-json\/wp\/v2\/media\/27833"}],"wp:attachment":[{"href":"https:\/\/marneantic.com\/index.php\/wp-json\/wp\/v2\/media?parent=27832"}],"wp:term":[{"taxonomy":"product_cat","embeddable":true,"href":"https:\/\/marneantic.com\/index.php\/wp-json\/wp\/v2\/product_cat?post=27832"},{"taxonomy":"product_tag","embeddable":true,"href":"https:\/\/marneantic.com\/index.php\/wp-json\/wp\/v2\/product_tag?post=27832"}],"curies":[{"name":"wp","href":"https:\/\/api.w.org\/{rel}","templated":true}]}}