{"id":27843,"date":"2026-03-26T15:39:45","date_gmt":"2026-03-26T14:39:45","guid":{"rendered":"https:\/\/marneantic.com\/?post_type=product&#038;p=27843"},"modified":"2026-03-26T15:49:50","modified_gmt":"2026-03-26T14:49:50","slug":"coupelle-vintage-annees-60-en-ceramique-signee-a-fazio","status":"publish","type":"product","link":"https:\/\/marneantic.com\/index.php\/produit\/coupelle-vintage-annees-60-en-ceramique-signee-a-fazio\/","title":{"rendered":"Coupelle vintage ann\u00e9es 60&prime; en c\u00e9ramique sign\u00e9e A.FAZIO"},"content":{"rendered":"","protected":false},"excerpt":{"rendered":"<p>Coupelle\/vide poche vintage ann\u00e9es 60&prime; en c\u00e9ramique sign\u00e9e A.FAZIO<br \/>\nbon \u00e9tat<br \/>\nlargeur: 9cm<br \/>\nhauteur: 4.3cm<\/p>\n","protected":false},"featured_media":27844,"comment_status":"open","ping_status":"closed","template":"","meta":{"_et_pb_use_builder":"","_et_pb_old_content":"","_et_gb_content_width":""},"product_cat":[14,8,16],"product_tag":[],"_links":{"self":[{"href":"https:\/\/marneantic.com\/index.php\/wp-json\/wp\/v2\/product\/27843"}],"collection":[{"href":"https:\/\/marneantic.com\/index.php\/wp-json\/wp\/v2\/product"}],"about":[{"href":"https:\/\/marneantic.com\/index.php\/wp-json\/wp\/v2\/types\/product"}],"replies":[{"embeddable":true,"href":"https:\/\/marneantic.com\/index.php\/wp-json\/wp\/v2\/comments?post=27843"}],"wp:featuredmedia":[{"embeddable":true,"href":"https:\/\/marneantic.com\/index.php\/wp-json\/wp\/v2\/media\/27844"}],"wp:attachment":[{"href":"https:\/\/marneantic.com\/index.php\/wp-json\/wp\/v2\/media?parent=27843"}],"wp:term":[{"taxonomy":"product_cat","embeddable":true,"href":"https:\/\/marneantic.com\/index.php\/wp-json\/wp\/v2\/product_cat?post=27843"},{"taxonomy":"product_tag","embeddable":true,"href":"https:\/\/marneantic.com\/index.php\/wp-json\/wp\/v2\/product_tag?post=27843"}],"curies":[{"name":"wp","href":"https:\/\/api.w.org\/{rel}","templated":true}]}}