{"id":27847,"date":"2026-03-29T11:17:53","date_gmt":"2026-03-29T10:17:53","guid":{"rendered":"https:\/\/marneantic.com\/?post_type=product&#038;p=27847"},"modified":"2026-03-29T11:28:47","modified_gmt":"2026-03-29T10:28:47","slug":"drap-ancien-en-coton300x220cm-retour-brode-monogramme","status":"publish","type":"product","link":"https:\/\/marneantic.com\/index.php\/produit\/drap-ancien-en-coton300x220cm-retour-brode-monogramme\/","title":{"rendered":"Drap ancien en coton:300x220cm retour brod\u00e9\/monogramm\u00e9"},"content":{"rendered":"","protected":false},"excerpt":{"rendered":"<p>Drap ancien en coton:300x220cm retour brod\u00e9+broderie de jours et monogramme HA, en tr\u00e8s bon \u00e9tat, linge lav\u00e9, v\u00e9rifi\u00e9 et repass\u00e9<\/p>\n","protected":false},"featured_media":27848,"comment_status":"open","ping_status":"closed","template":"","meta":{"_et_pb_use_builder":"","_et_pb_old_content":"","_et_gb_content_width":""},"product_cat":[33],"product_tag":[],"_links":{"self":[{"href":"https:\/\/marneantic.com\/index.php\/wp-json\/wp\/v2\/product\/27847"}],"collection":[{"href":"https:\/\/marneantic.com\/index.php\/wp-json\/wp\/v2\/product"}],"about":[{"href":"https:\/\/marneantic.com\/index.php\/wp-json\/wp\/v2\/types\/product"}],"replies":[{"embeddable":true,"href":"https:\/\/marneantic.com\/index.php\/wp-json\/wp\/v2\/comments?post=27847"}],"wp:featuredmedia":[{"embeddable":true,"href":"https:\/\/marneantic.com\/index.php\/wp-json\/wp\/v2\/media\/27848"}],"wp:attachment":[{"href":"https:\/\/marneantic.com\/index.php\/wp-json\/wp\/v2\/media?parent=27847"}],"wp:term":[{"taxonomy":"product_cat","embeddable":true,"href":"https:\/\/marneantic.com\/index.php\/wp-json\/wp\/v2\/product_cat?post=27847"},{"taxonomy":"product_tag","embeddable":true,"href":"https:\/\/marneantic.com\/index.php\/wp-json\/wp\/v2\/product_tag?post=27847"}],"curies":[{"name":"wp","href":"https:\/\/api.w.org\/{rel}","templated":true}]}}