{"id":27852,"date":"2026-03-29T16:45:58","date_gmt":"2026-03-29T15:45:58","guid":{"rendered":"https:\/\/marneantic.com\/?post_type=product&#038;p=27852"},"modified":"2026-03-29T16:48:16","modified_gmt":"2026-03-29T15:48:16","slug":"ancien-flacon-de-pharmacie-apothicaire-sulfas-cupricus-pur","status":"publish","type":"product","link":"https:\/\/marneantic.com\/index.php\/produit\/ancien-flacon-de-pharmacie-apothicaire-sulfas-cupricus-pur\/","title":{"rendered":"Ancien flacon de pharmacie &#8211; apothicaire \u00a0\u00bb sulfas cupricus pur \u00ab\u00a0"},"content":{"rendered":"","protected":false},"excerpt":{"rendered":"<p><strong>Ancien flacon de pharmacie &#8211; apothicaire \u00a0\u00bb sulfas cupricus pur \u00a0\u00bb d\u00e9cor \u00e9maill\u00e9<\/strong><\/p>\n<div><strong>en tr\u00e8s bon \u00e9tat, produit d&rsquo;origine encore a l&rsquo;int\u00e9rieur<\/strong><\/div>\n<div><strong>le bouchon en verre est coinc\u00e9<\/strong><\/div>\n<div><strong>hauteur totale: 14cm<\/strong><\/div>\n<div><strong>diametre:5cm<\/strong><\/div>\n","protected":false},"featured_media":27853,"comment_status":"closed","ping_status":"closed","template":"","meta":{"_et_pb_use_builder":"","_et_pb_old_content":"","_et_gb_content_width":""},"product_cat":[14,8],"product_tag":[],"_links":{"self":[{"href":"https:\/\/marneantic.com\/index.php\/wp-json\/wp\/v2\/product\/27852"}],"collection":[{"href":"https:\/\/marneantic.com\/index.php\/wp-json\/wp\/v2\/product"}],"about":[{"href":"https:\/\/marneantic.com\/index.php\/wp-json\/wp\/v2\/types\/product"}],"replies":[{"embeddable":true,"href":"https:\/\/marneantic.com\/index.php\/wp-json\/wp\/v2\/comments?post=27852"}],"wp:featuredmedia":[{"embeddable":true,"href":"https:\/\/marneantic.com\/index.php\/wp-json\/wp\/v2\/media\/27853"}],"wp:attachment":[{"href":"https:\/\/marneantic.com\/index.php\/wp-json\/wp\/v2\/media?parent=27852"}],"wp:term":[{"taxonomy":"product_cat","embeddable":true,"href":"https:\/\/marneantic.com\/index.php\/wp-json\/wp\/v2\/product_cat?post=27852"},{"taxonomy":"product_tag","embeddable":true,"href":"https:\/\/marneantic.com\/index.php\/wp-json\/wp\/v2\/product_tag?post=27852"}],"curies":[{"name":"wp","href":"https:\/\/api.w.org\/{rel}","templated":true}]}}