{"id":27857,"date":"2026-04-02T18:24:06","date_gmt":"2026-04-02T17:24:06","guid":{"rendered":"https:\/\/marneantic.com\/?post_type=product&#038;p=27857"},"modified":"2026-04-02T18:24:07","modified_gmt":"2026-04-02T17:24:07","slug":"banc-de-jardin-ancien-en-metal-et-lattes-bois","status":"publish","type":"product","link":"https:\/\/marneantic.com\/index.php\/produit\/banc-de-jardin-ancien-en-metal-et-lattes-bois\/","title":{"rendered":"Banc de jardin ancien en m\u00e9tal et lattes bois"},"content":{"rendered":"","protected":false},"excerpt":{"rendered":"<p>Banc de jardin ancien en m\u00e9tal et lattes bois, en bon \u00e9tat, la peinture des lattes s&rsquo;\u00e9caille par endroit<br \/>\nlongueur: 170.5cm<br \/>\nprofondeur: 80cm<br \/>\nhauteur au dossier: 92.5cm<br \/>\nLes produits propos\u00e9s dans notre boutique sont anciens, ils peuvent pr\u00e9sent\u00e9s des traces d\u2019usure, d&rsquo;usage ou rayures qui donnent au produit son caract\u00e8re et son authenticit\u00e9, ils sont pr\u00e9sent\u00e9s au mieux dans la description, \u00e0 travers photos et textes, merci de bien les regarder. pas d&rsquo;exp\u00e9dition postale pour cet article, remise en main propre domicile ou livraison possible en r\u00e9gion parisienne(conditions sur demande)<\/p>\n","protected":false},"featured_media":27858,"comment_status":"open","ping_status":"closed","template":"","meta":{"_et_pb_use_builder":"","_et_pb_old_content":"","_et_gb_content_width":""},"product_cat":[31,16],"product_tag":[],"_links":{"self":[{"href":"https:\/\/marneantic.com\/index.php\/wp-json\/wp\/v2\/product\/27857"}],"collection":[{"href":"https:\/\/marneantic.com\/index.php\/wp-json\/wp\/v2\/product"}],"about":[{"href":"https:\/\/marneantic.com\/index.php\/wp-json\/wp\/v2\/types\/product"}],"replies":[{"embeddable":true,"href":"https:\/\/marneantic.com\/index.php\/wp-json\/wp\/v2\/comments?post=27857"}],"wp:featuredmedia":[{"embeddable":true,"href":"https:\/\/marneantic.com\/index.php\/wp-json\/wp\/v2\/media\/27858"}],"wp:attachment":[{"href":"https:\/\/marneantic.com\/index.php\/wp-json\/wp\/v2\/media?parent=27857"}],"wp:term":[{"taxonomy":"product_cat","embeddable":true,"href":"https:\/\/marneantic.com\/index.php\/wp-json\/wp\/v2\/product_cat?post=27857"},{"taxonomy":"product_tag","embeddable":true,"href":"https:\/\/marneantic.com\/index.php\/wp-json\/wp\/v2\/product_tag?post=27857"}],"curies":[{"name":"wp","href":"https:\/\/api.w.org\/{rel}","templated":true}]}}