{"id":27862,"date":"2026-04-03T17:43:12","date_gmt":"2026-04-03T16:43:12","guid":{"rendered":"https:\/\/marneantic.com\/?post_type=product&#038;p=27862"},"modified":"2026-04-03T17:43:12","modified_gmt":"2026-04-03T16:43:12","slug":"paire-de-fauteuils-style-louis-xvi","status":"publish","type":"product","link":"https:\/\/marneantic.com\/index.php\/produit\/paire-de-fauteuils-style-louis-xvi\/","title":{"rendered":"Paire de fauteuils style Louis XVI"},"content":{"rendered":"","protected":false},"excerpt":{"rendered":"<p>Paire de fauteuils anciens style Louis XVI en bois blanc et velours vert, bon \u00e9tat g\u00e9n\u00e9ral, pr\u00e9sence de quelques aur\u00e9oles(voir photos) tr\u00e8s d\u00e9co<br \/>\nlargeur: 58cm<br \/>\nprofondeur: 47cm<br \/>\nhauteur assise: 39cm<br \/>\nhauteur dossier:87cm<\/p>\n<p>pas d&rsquo;exp\u00e9dition postale pour cet article, remise en main propre domicile ou livraison possible en r\u00e9gion parisienne(conditions sur demande) Les produits propos\u00e9s dans notre boutique sont anciens, ils peuvent pr\u00e9sent\u00e9s des traces d\u2019usure, d&rsquo;usage ou rayures qui donnent au produit son caract\u00e8re et son authenticit\u00e9, ils sont pr\u00e9sent\u00e9s au mieux dans la description, \u00e0 travers photos et textes, merci de bien les regarder.<\/p>\n","protected":false},"featured_media":27863,"comment_status":"open","ping_status":"closed","template":"","meta":{"_et_pb_use_builder":"","_et_pb_old_content":"","_et_gb_content_width":""},"product_cat":[31,16],"product_tag":[],"_links":{"self":[{"href":"https:\/\/marneantic.com\/index.php\/wp-json\/wp\/v2\/product\/27862"}],"collection":[{"href":"https:\/\/marneantic.com\/index.php\/wp-json\/wp\/v2\/product"}],"about":[{"href":"https:\/\/marneantic.com\/index.php\/wp-json\/wp\/v2\/types\/product"}],"replies":[{"embeddable":true,"href":"https:\/\/marneantic.com\/index.php\/wp-json\/wp\/v2\/comments?post=27862"}],"wp:featuredmedia":[{"embeddable":true,"href":"https:\/\/marneantic.com\/index.php\/wp-json\/wp\/v2\/media\/27863"}],"wp:attachment":[{"href":"https:\/\/marneantic.com\/index.php\/wp-json\/wp\/v2\/media?parent=27862"}],"wp:term":[{"taxonomy":"product_cat","embeddable":true,"href":"https:\/\/marneantic.com\/index.php\/wp-json\/wp\/v2\/product_cat?post=27862"},{"taxonomy":"product_tag","embeddable":true,"href":"https:\/\/marneantic.com\/index.php\/wp-json\/wp\/v2\/product_tag?post=27862"}],"curies":[{"name":"wp","href":"https:\/\/api.w.org\/{rel}","templated":true}]}}