{"id":27869,"date":"2026-04-03T17:45:55","date_gmt":"2026-04-03T16:45:55","guid":{"rendered":"https:\/\/marneantic.com\/?post_type=product&#038;p=27869"},"modified":"2026-04-03T17:55:07","modified_gmt":"2026-04-03T16:55:07","slug":"fauteuil-art-deco-velours-jaune-dossier-moustache","status":"publish","type":"product","link":"https:\/\/marneantic.com\/index.php\/produit\/fauteuil-art-deco-velours-jaune-dossier-moustache\/","title":{"rendered":"Fauteuil art d\u00e9co velours jaune &#8211; dossier moustache"},"content":{"rendered":"","protected":false},"excerpt":{"rendered":"<p>Fauteuil art d\u00e9co en bois et velours jaune dor\u00e9 &#8211; dossier moustache, en tr\u00e8s bon \u00e9tat<br \/>\nlargeur: 66cm<br \/>\nprofondeur: 68cm<br \/>\nhauteur assise: 43cm<br \/>\nhauteur dossier:79cm<br \/>\nLes produits propos\u00e9s dans notre boutique sont anciens, ils peuvent pr\u00e9sent\u00e9s des traces d\u2019usure, d&rsquo;usage ou rayures qui donnent au produit son caract\u00e8re et son authenticit\u00e9, ils sont pr\u00e9sent\u00e9s au mieux dans la description, \u00e0 travers photos et textes, merci de bien les regarder. pas d&rsquo;exp\u00e9dition postale pour cet article, remise en main propre domicile ou livraison possible en r\u00e9gion parisienne(conditions sur demande)<\/p>\n","protected":false},"featured_media":27870,"comment_status":"open","ping_status":"closed","template":"","meta":{"_et_pb_use_builder":"","_et_pb_old_content":"","_et_gb_content_width":""},"product_cat":[44,31,16],"product_tag":[],"_links":{"self":[{"href":"https:\/\/marneantic.com\/index.php\/wp-json\/wp\/v2\/product\/27869"}],"collection":[{"href":"https:\/\/marneantic.com\/index.php\/wp-json\/wp\/v2\/product"}],"about":[{"href":"https:\/\/marneantic.com\/index.php\/wp-json\/wp\/v2\/types\/product"}],"replies":[{"embeddable":true,"href":"https:\/\/marneantic.com\/index.php\/wp-json\/wp\/v2\/comments?post=27869"}],"wp:featuredmedia":[{"embeddable":true,"href":"https:\/\/marneantic.com\/index.php\/wp-json\/wp\/v2\/media\/27870"}],"wp:attachment":[{"href":"https:\/\/marneantic.com\/index.php\/wp-json\/wp\/v2\/media?parent=27869"}],"wp:term":[{"taxonomy":"product_cat","embeddable":true,"href":"https:\/\/marneantic.com\/index.php\/wp-json\/wp\/v2\/product_cat?post=27869"},{"taxonomy":"product_tag","embeddable":true,"href":"https:\/\/marneantic.com\/index.php\/wp-json\/wp\/v2\/product_tag?post=27869"}],"curies":[{"name":"wp","href":"https:\/\/api.w.org\/{rel}","templated":true}]}}