{"id":27914,"date":"2026-04-08T18:17:02","date_gmt":"2026-04-08T17:17:02","guid":{"rendered":"https:\/\/marneantic.com\/?post_type=product&#038;p=27914"},"modified":"2026-04-08T18:24:39","modified_gmt":"2026-04-08T17:24:39","slug":"meuble-de-rangement-mural-mado","status":"publish","type":"product","link":"https:\/\/marneantic.com\/index.php\/produit\/meuble-de-rangement-mural-mado\/","title":{"rendered":"meuble de rangement mural MADO"},"content":{"rendered":"","protected":false},"excerpt":{"rendered":"<p>meuble de rangement mural MADO\u00a0en bois et poign\u00e9es aluminium, en bon \u00e9tat, sortie de garage, dans son jus, a finir de nettoyer ou a repeindre<br \/>\nlargeur: 90cm<br \/>\nprofondeur:<span style=\"font-size: 0.9rem;\"> 32cm, <\/span><span style=\"font-size: 14.4px;\">hauteur: 63cm<\/span><\/p>\n<p><span style=\"font-size: 0.9rem;\">pas d&rsquo;exp\u00e9dition postale pour cet article, remise en main propre domicile ou livraison possible en r\u00e9gion parisienne(conditions sur demande) Les produits propos\u00e9s dans notre boutique sont anciens, ils peuvent pr\u00e9sent\u00e9s des traces d\u2019usure, d&rsquo;usage ou rayures qui donnent au produit son caract\u00e8re et son authenticit\u00e9, ils sont pr\u00e9sent\u00e9s au mieux dans la description, \u00e0 travers photos et textes, merci de bien les regarder.<\/span><\/p>\n<p>&nbsp;<\/p>\n","protected":false},"featured_media":27915,"comment_status":"open","ping_status":"closed","template":"","meta":{"_et_pb_use_builder":"","_et_pb_old_content":"","_et_gb_content_width":""},"product_cat":[31,16],"product_tag":[],"_links":{"self":[{"href":"https:\/\/marneantic.com\/index.php\/wp-json\/wp\/v2\/product\/27914"}],"collection":[{"href":"https:\/\/marneantic.com\/index.php\/wp-json\/wp\/v2\/product"}],"about":[{"href":"https:\/\/marneantic.com\/index.php\/wp-json\/wp\/v2\/types\/product"}],"replies":[{"embeddable":true,"href":"https:\/\/marneantic.com\/index.php\/wp-json\/wp\/v2\/comments?post=27914"}],"wp:featuredmedia":[{"embeddable":true,"href":"https:\/\/marneantic.com\/index.php\/wp-json\/wp\/v2\/media\/27915"}],"wp:attachment":[{"href":"https:\/\/marneantic.com\/index.php\/wp-json\/wp\/v2\/media?parent=27914"}],"wp:term":[{"taxonomy":"product_cat","embeddable":true,"href":"https:\/\/marneantic.com\/index.php\/wp-json\/wp\/v2\/product_cat?post=27914"},{"taxonomy":"product_tag","embeddable":true,"href":"https:\/\/marneantic.com\/index.php\/wp-json\/wp\/v2\/product_tag?post=27914"}],"curies":[{"name":"wp","href":"https:\/\/api.w.org\/{rel}","templated":true}]}}