{"id":27923,"date":"2026-04-16T17:43:48","date_gmt":"2026-04-16T16:43:48","guid":{"rendered":"https:\/\/marneantic.com\/?post_type=product&#038;p=27923"},"modified":"2026-04-17T18:33:56","modified_gmt":"2026-04-17T17:33:56","slug":"lustre-a-pampilles-ancien","status":"publish","type":"product","link":"https:\/\/marneantic.com\/index.php\/produit\/lustre-a-pampilles-ancien\/","title":{"rendered":"Lustre montgolfi\u00e8re a pampilles ancien"},"content":{"rendered":"","protected":false},"excerpt":{"rendered":"<p>Lustre montgolfi\u00e8re a pampilles ancien pour 1 ampoule a faire descendre en son centre, nombreuses pampilles ( une pampille pointue est manquante), en bon \u00e9tat, hauteur: 50cm, diam\u00e8tre: 24cm<\/p>\n<p>pas d&rsquo;exp\u00e9dition postale pour cet article, remise en main propre domicile ou livraison possible en r\u00e9gion parisienne et France (conditions sur demande)Les produits propos\u00e9s dans notre boutique sont anciens, ils peuvent pr\u00e9sent\u00e9s des traces d\u2019usure, d&rsquo;usage ou rayures qui donnent au produit son caract\u00e8re et son authenticit\u00e9, ils sont pr\u00e9sent\u00e9s au mieux dans la description, \u00e0 travers photos et textes, merci de bien les regarder.<\/p>\n<p>&nbsp;<\/p>\n","protected":false},"featured_media":27930,"comment_status":"open","ping_status":"closed","template":"","meta":{"_et_pb_use_builder":"","_et_pb_old_content":"","_et_gb_content_width":""},"product_cat":[24,30],"product_tag":[],"_links":{"self":[{"href":"https:\/\/marneantic.com\/index.php\/wp-json\/wp\/v2\/product\/27923"}],"collection":[{"href":"https:\/\/marneantic.com\/index.php\/wp-json\/wp\/v2\/product"}],"about":[{"href":"https:\/\/marneantic.com\/index.php\/wp-json\/wp\/v2\/types\/product"}],"replies":[{"embeddable":true,"href":"https:\/\/marneantic.com\/index.php\/wp-json\/wp\/v2\/comments?post=27923"}],"wp:featuredmedia":[{"embeddable":true,"href":"https:\/\/marneantic.com\/index.php\/wp-json\/wp\/v2\/media\/27930"}],"wp:attachment":[{"href":"https:\/\/marneantic.com\/index.php\/wp-json\/wp\/v2\/media?parent=27923"}],"wp:term":[{"taxonomy":"product_cat","embeddable":true,"href":"https:\/\/marneantic.com\/index.php\/wp-json\/wp\/v2\/product_cat?post=27923"},{"taxonomy":"product_tag","embeddable":true,"href":"https:\/\/marneantic.com\/index.php\/wp-json\/wp\/v2\/product_tag?post=27923"}],"curies":[{"name":"wp","href":"https:\/\/api.w.org\/{rel}","templated":true}]}}