{"id":27971,"date":"2026-04-28T15:38:21","date_gmt":"2026-04-28T14:38:21","guid":{"rendered":"https:\/\/marneantic.com\/?post_type=product&#038;p=27971"},"modified":"2026-04-28T15:38:21","modified_gmt":"2026-04-28T14:38:21","slug":"globe-de-luminaire-ancien-art-deco-signee-deveau","status":"publish","type":"product","link":"https:\/\/marneantic.com\/index.php\/produit\/globe-de-luminaire-ancien-art-deco-signee-deveau\/","title":{"rendered":"Globe de luminaire ancien art d\u00e9co sign\u00e9e DEVEAU"},"content":{"rendered":"","protected":false},"excerpt":{"rendered":"<p><b>Globe de luminaire ancien art d\u00e9co sign\u00e9e DEVEAU\u00a0couleur caramel a d\u00e9cor de roses, en tr\u00e8s bon \u00e9tat<\/b><\/p>\n<div><strong>Diam\u00e8tre: 20cm<\/strong><\/div>\n<div><b>diam\u00e8tre ouverture ext\u00e9rieur: 10cm, int\u00e9rieur: 8cm<\/b><\/div>\n<div><b>pr\u00e9sence d&rsquo;un petit \u00e9clat sur le col de l&rsquo;ouverture qui sera invisible une fois mont\u00e9<\/b><\/div>\n","protected":false},"featured_media":27972,"comment_status":"open","ping_status":"closed","template":"","meta":{"_et_pb_use_builder":"","_et_pb_old_content":"","_et_gb_content_width":""},"product_cat":[44,24],"product_tag":[],"_links":{"self":[{"href":"https:\/\/marneantic.com\/index.php\/wp-json\/wp\/v2\/product\/27971"}],"collection":[{"href":"https:\/\/marneantic.com\/index.php\/wp-json\/wp\/v2\/product"}],"about":[{"href":"https:\/\/marneantic.com\/index.php\/wp-json\/wp\/v2\/types\/product"}],"replies":[{"embeddable":true,"href":"https:\/\/marneantic.com\/index.php\/wp-json\/wp\/v2\/comments?post=27971"}],"wp:featuredmedia":[{"embeddable":true,"href":"https:\/\/marneantic.com\/index.php\/wp-json\/wp\/v2\/media\/27972"}],"wp:attachment":[{"href":"https:\/\/marneantic.com\/index.php\/wp-json\/wp\/v2\/media?parent=27971"}],"wp:term":[{"taxonomy":"product_cat","embeddable":true,"href":"https:\/\/marneantic.com\/index.php\/wp-json\/wp\/v2\/product_cat?post=27971"},{"taxonomy":"product_tag","embeddable":true,"href":"https:\/\/marneantic.com\/index.php\/wp-json\/wp\/v2\/product_tag?post=27971"}],"curies":[{"name":"wp","href":"https:\/\/api.w.org\/{rel}","templated":true}]}}