{"id":27986,"date":"2026-04-28T16:16:33","date_gmt":"2026-04-28T15:16:33","guid":{"rendered":"https:\/\/marneantic.com\/?post_type=product&#038;p=27986"},"modified":"2026-04-28T16:25:20","modified_gmt":"2026-04-28T15:25:20","slug":"pied-de-lampe-ancien-en-bronze","status":"publish","type":"product","link":"https:\/\/marneantic.com\/index.php\/produit\/pied-de-lampe-ancien-en-bronze\/","title":{"rendered":"Pied de lampe ancien en bronze"},"content":{"rendered":"","protected":false},"excerpt":{"rendered":"<p><strong>Pied de lampe ancien en bronze, en tr\u00e8s bon \u00e9tat, \u00e9lectricit\u00e9 refaite<\/strong><\/p>\n<div><strong>hauteur: 38.5cm<\/strong><\/div>\n<div><strong>diam\u00e8tre du pied: 15.3cm<\/strong><\/div>\n","protected":false},"featured_media":27987,"comment_status":"open","ping_status":"closed","template":"","meta":{"_et_pb_use_builder":"","_et_pb_old_content":"","_et_gb_content_width":""},"product_cat":[44,24],"product_tag":[],"_links":{"self":[{"href":"https:\/\/marneantic.com\/index.php\/wp-json\/wp\/v2\/product\/27986"}],"collection":[{"href":"https:\/\/marneantic.com\/index.php\/wp-json\/wp\/v2\/product"}],"about":[{"href":"https:\/\/marneantic.com\/index.php\/wp-json\/wp\/v2\/types\/product"}],"replies":[{"embeddable":true,"href":"https:\/\/marneantic.com\/index.php\/wp-json\/wp\/v2\/comments?post=27986"}],"wp:featuredmedia":[{"embeddable":true,"href":"https:\/\/marneantic.com\/index.php\/wp-json\/wp\/v2\/media\/27987"}],"wp:attachment":[{"href":"https:\/\/marneantic.com\/index.php\/wp-json\/wp\/v2\/media?parent=27986"}],"wp:term":[{"taxonomy":"product_cat","embeddable":true,"href":"https:\/\/marneantic.com\/index.php\/wp-json\/wp\/v2\/product_cat?post=27986"},{"taxonomy":"product_tag","embeddable":true,"href":"https:\/\/marneantic.com\/index.php\/wp-json\/wp\/v2\/product_tag?post=27986"}],"curies":[{"name":"wp","href":"https:\/\/api.w.org\/{rel}","templated":true}]}}