{"id":27993,"date":"2026-04-29T14:44:54","date_gmt":"2026-04-29T13:44:54","guid":{"rendered":"https:\/\/marneantic.com\/?post_type=product&#038;p=27993"},"modified":"2026-04-29T14:45:16","modified_gmt":"2026-04-29T13:45:16","slug":"service-a-orangeade-vintage-en-verre-granite","status":"publish","type":"product","link":"https:\/\/marneantic.com\/index.php\/produit\/service-a-orangeade-vintage-en-verre-granite\/","title":{"rendered":"Service a orangeade vintage en verre granit\u00e9"},"content":{"rendered":"","protected":false},"excerpt":{"rendered":"<p>Service a orangeade vintage en verre granit\u00e9, en bon \u00e9tat, verre hauteur: 11.5cm, diam\u00e8tre: 6.8cm, carafe hauteur: 22cm, diam\u00e8tre: 10.2cm<\/p>\n","protected":false},"featured_media":27994,"comment_status":"open","ping_status":"closed","template":"","meta":{"_et_pb_use_builder":"","_et_pb_old_content":"","_et_gb_content_width":""},"product_cat":[10,16,11],"product_tag":[],"_links":{"self":[{"href":"https:\/\/marneantic.com\/index.php\/wp-json\/wp\/v2\/product\/27993"}],"collection":[{"href":"https:\/\/marneantic.com\/index.php\/wp-json\/wp\/v2\/product"}],"about":[{"href":"https:\/\/marneantic.com\/index.php\/wp-json\/wp\/v2\/types\/product"}],"replies":[{"embeddable":true,"href":"https:\/\/marneantic.com\/index.php\/wp-json\/wp\/v2\/comments?post=27993"}],"wp:featuredmedia":[{"embeddable":true,"href":"https:\/\/marneantic.com\/index.php\/wp-json\/wp\/v2\/media\/27994"}],"wp:attachment":[{"href":"https:\/\/marneantic.com\/index.php\/wp-json\/wp\/v2\/media?parent=27993"}],"wp:term":[{"taxonomy":"product_cat","embeddable":true,"href":"https:\/\/marneantic.com\/index.php\/wp-json\/wp\/v2\/product_cat?post=27993"},{"taxonomy":"product_tag","embeddable":true,"href":"https:\/\/marneantic.com\/index.php\/wp-json\/wp\/v2\/product_tag?post=27993"}],"curies":[{"name":"wp","href":"https:\/\/api.w.org\/{rel}","templated":true}]}}