{"id":28015,"date":"2026-05-06T15:38:37","date_gmt":"2026-05-06T14:38:37","guid":{"rendered":"https:\/\/marneantic.com\/?post_type=product&#038;p=28015"},"modified":"2026-05-06T15:47:32","modified_gmt":"2026-05-06T14:47:32","slug":"porte-manteau-etagere-murale-art-deco-en-fer-forge","status":"publish","type":"product","link":"https:\/\/marneantic.com\/index.php\/produit\/porte-manteau-etagere-murale-art-deco-en-fer-forge\/","title":{"rendered":"Porte manteau\/\u00e9tag\u00e8re murale art deco en fer forg\u00e9"},"content":{"rendered":"","protected":false},"excerpt":{"rendered":"<p>Porte manteau\/\u00e9tag\u00e8re murale art deco en fer forg\u00e9 noir a 4 pat\u00e8res<br \/>\ntr\u00e8s bon \u00e9tat<br \/>\nlargeur:60cm<br \/>\nhauteur:22.5cm<br \/>\nprofondeur: 22.5cm<\/p>\n<p>&nbsp;<\/p>\n<p>&nbsp;<\/p>\n","protected":false},"featured_media":28016,"comment_status":"open","ping_status":"closed","template":"","meta":{"_et_pb_use_builder":"","_et_pb_old_content":"","_et_gb_content_width":""},"product_cat":[44,31,8,16],"product_tag":[],"_links":{"self":[{"href":"https:\/\/marneantic.com\/index.php\/wp-json\/wp\/v2\/product\/28015"}],"collection":[{"href":"https:\/\/marneantic.com\/index.php\/wp-json\/wp\/v2\/product"}],"about":[{"href":"https:\/\/marneantic.com\/index.php\/wp-json\/wp\/v2\/types\/product"}],"replies":[{"embeddable":true,"href":"https:\/\/marneantic.com\/index.php\/wp-json\/wp\/v2\/comments?post=28015"}],"wp:featuredmedia":[{"embeddable":true,"href":"https:\/\/marneantic.com\/index.php\/wp-json\/wp\/v2\/media\/28016"}],"wp:attachment":[{"href":"https:\/\/marneantic.com\/index.php\/wp-json\/wp\/v2\/media?parent=28015"}],"wp:term":[{"taxonomy":"product_cat","embeddable":true,"href":"https:\/\/marneantic.com\/index.php\/wp-json\/wp\/v2\/product_cat?post=28015"},{"taxonomy":"product_tag","embeddable":true,"href":"https:\/\/marneantic.com\/index.php\/wp-json\/wp\/v2\/product_tag?post=28015"}],"curies":[{"name":"wp","href":"https:\/\/api.w.org\/{rel}","templated":true}]}}