{"id":28045,"date":"2026-05-11T12:56:53","date_gmt":"2026-05-11T11:56:53","guid":{"rendered":"https:\/\/marneantic.com\/?post_type=product&#038;p=28045"},"modified":"2026-05-11T13:03:54","modified_gmt":"2026-05-11T12:03:54","slug":"ancien-centre-de-table-brode-110cm-x-33cm","status":"publish","type":"product","link":"https:\/\/marneantic.com\/index.php\/produit\/ancien-centre-de-table-brode-110cm-x-33cm\/","title":{"rendered":"Ancien centre de table brod\u00e9 110cm x 33cm"},"content":{"rendered":"","protected":false},"excerpt":{"rendered":"<p>Ancien centre de table brod\u00e9 110cm x 33cm, v\u00e9rifi\u00e9, lav\u00e9 et repass\u00e9, il peut n\u00e9anmoins subsist\u00e9 de petites taches qui auraient \u00e9chapp\u00e9es a notre lavage<\/p>\n<div><\/div>\n<div><\/div>\n","protected":false},"featured_media":28046,"comment_status":"open","ping_status":"closed","template":"","meta":{"_et_pb_use_builder":"","_et_pb_old_content":"","_et_gb_content_width":""},"product_cat":[33],"product_tag":[],"_links":{"self":[{"href":"https:\/\/marneantic.com\/index.php\/wp-json\/wp\/v2\/product\/28045"}],"collection":[{"href":"https:\/\/marneantic.com\/index.php\/wp-json\/wp\/v2\/product"}],"about":[{"href":"https:\/\/marneantic.com\/index.php\/wp-json\/wp\/v2\/types\/product"}],"replies":[{"embeddable":true,"href":"https:\/\/marneantic.com\/index.php\/wp-json\/wp\/v2\/comments?post=28045"}],"wp:featuredmedia":[{"embeddable":true,"href":"https:\/\/marneantic.com\/index.php\/wp-json\/wp\/v2\/media\/28046"}],"wp:attachment":[{"href":"https:\/\/marneantic.com\/index.php\/wp-json\/wp\/v2\/media?parent=28045"}],"wp:term":[{"taxonomy":"product_cat","embeddable":true,"href":"https:\/\/marneantic.com\/index.php\/wp-json\/wp\/v2\/product_cat?post=28045"},{"taxonomy":"product_tag","embeddable":true,"href":"https:\/\/marneantic.com\/index.php\/wp-json\/wp\/v2\/product_tag?post=28045"}],"curies":[{"name":"wp","href":"https:\/\/api.w.org\/{rel}","templated":true}]}}