{"id":28049,"date":"2026-05-11T13:38:16","date_gmt":"2026-05-11T12:38:16","guid":{"rendered":"https:\/\/marneantic.com\/?post_type=product&#038;p=28049"},"modified":"2026-05-11T13:38:17","modified_gmt":"2026-05-11T12:38:17","slug":"boite-de-voyage-cartes-reveil-vintage-annees-60","status":"publish","type":"product","link":"https:\/\/marneantic.com\/index.php\/produit\/boite-de-voyage-cartes-reveil-vintage-annees-60\/","title":{"rendered":"Boite de voyage cartes\/r\u00e9veil vintage &#8211; ann\u00e9es 60&prime;"},"content":{"rendered":"","protected":false},"excerpt":{"rendered":"<p>Boite de voyage vintage &#8211; ann\u00e9es 60&prime; contenant 2 jeux de 54 cartes neuves et r\u00e9veil int\u00e9gr\u00e9 de marque Europa dans le couvercle, fonctionne parfaitement, le tout en tr\u00e8s bon \u00e9tat, dimensions: 14.5&#215;11.5cm, hauteur: 5cm<\/p>\n","protected":false},"featured_media":28050,"comment_status":"open","ping_status":"closed","template":"","meta":{"_et_pb_use_builder":"","_et_pb_old_content":"","_et_gb_content_width":""},"product_cat":[14,8,16],"product_tag":[],"_links":{"self":[{"href":"https:\/\/marneantic.com\/index.php\/wp-json\/wp\/v2\/product\/28049"}],"collection":[{"href":"https:\/\/marneantic.com\/index.php\/wp-json\/wp\/v2\/product"}],"about":[{"href":"https:\/\/marneantic.com\/index.php\/wp-json\/wp\/v2\/types\/product"}],"replies":[{"embeddable":true,"href":"https:\/\/marneantic.com\/index.php\/wp-json\/wp\/v2\/comments?post=28049"}],"wp:featuredmedia":[{"embeddable":true,"href":"https:\/\/marneantic.com\/index.php\/wp-json\/wp\/v2\/media\/28050"}],"wp:attachment":[{"href":"https:\/\/marneantic.com\/index.php\/wp-json\/wp\/v2\/media?parent=28049"}],"wp:term":[{"taxonomy":"product_cat","embeddable":true,"href":"https:\/\/marneantic.com\/index.php\/wp-json\/wp\/v2\/product_cat?post=28049"},{"taxonomy":"product_tag","embeddable":true,"href":"https:\/\/marneantic.com\/index.php\/wp-json\/wp\/v2\/product_tag?post=28049"}],"curies":[{"name":"wp","href":"https:\/\/api.w.org\/{rel}","templated":true}]}}