{"id":28053,"date":"2026-05-11T13:51:44","date_gmt":"2026-05-11T12:51:44","guid":{"rendered":"https:\/\/marneantic.com\/?post_type=product&#038;p=28053"},"modified":"2026-05-11T14:01:24","modified_gmt":"2026-05-11T13:01:24","slug":"plateau-miroir-art-deco-ancien","status":"publish","type":"product","link":"https:\/\/marneantic.com\/index.php\/produit\/plateau-miroir-art-deco-ancien\/","title":{"rendered":"Plateau miroir art d\u00e9co ancien"},"content":{"rendered":"","protected":false},"excerpt":{"rendered":"<p>plateau miroir art d\u00e9co ancien, rebords a gradins et poign\u00e9es en bois, en bon \u00e9tat ( glace avec rayures d&rsquo;usage ), largeur hors poign\u00e9es:34cm<\/p>\n<p>&nbsp;<\/p>\n<p>&nbsp;<\/p>\n","protected":false},"featured_media":28054,"comment_status":"closed","ping_status":"closed","template":"","meta":{"_et_pb_use_builder":"","_et_pb_old_content":"","_et_gb_content_width":""},"product_cat":[13,10,44],"product_tag":[],"_links":{"self":[{"href":"https:\/\/marneantic.com\/index.php\/wp-json\/wp\/v2\/product\/28053"}],"collection":[{"href":"https:\/\/marneantic.com\/index.php\/wp-json\/wp\/v2\/product"}],"about":[{"href":"https:\/\/marneantic.com\/index.php\/wp-json\/wp\/v2\/types\/product"}],"replies":[{"embeddable":true,"href":"https:\/\/marneantic.com\/index.php\/wp-json\/wp\/v2\/comments?post=28053"}],"wp:featuredmedia":[{"embeddable":true,"href":"https:\/\/marneantic.com\/index.php\/wp-json\/wp\/v2\/media\/28054"}],"wp:attachment":[{"href":"https:\/\/marneantic.com\/index.php\/wp-json\/wp\/v2\/media?parent=28053"}],"wp:term":[{"taxonomy":"product_cat","embeddable":true,"href":"https:\/\/marneantic.com\/index.php\/wp-json\/wp\/v2\/product_cat?post=28053"},{"taxonomy":"product_tag","embeddable":true,"href":"https:\/\/marneantic.com\/index.php\/wp-json\/wp\/v2\/product_tag?post=28053"}],"curies":[{"name":"wp","href":"https:\/\/api.w.org\/{rel}","templated":true}]}}