{"id":28083,"date":"2026-05-13T12:48:51","date_gmt":"2026-05-13T11:48:51","guid":{"rendered":"https:\/\/marneantic.com\/?post_type=product&#038;p=28083"},"modified":"2026-05-13T12:57:04","modified_gmt":"2026-05-13T11:57:04","slug":"suspension-ancienne-en-tole-emaillee-2","status":"publish","type":"product","link":"https:\/\/marneantic.com\/index.php\/produit\/suspension-ancienne-en-tole-emaillee-2\/","title":{"rendered":"Suspension ancienne en tole \u00e9maill\u00e9e"},"content":{"rendered":"","protected":false},"excerpt":{"rendered":"<p>Suspension ancienne en tole \u00e9maill\u00e9e noire et blanche en bon \u00e9tat( quelques traces d&rsquo;oxydation sur le dessus ), \u00e9lectricit\u00e9 refaite, douille baionnette, fournie sans ampoule, fil, de 45cm. Diam\u00e8tre: 24cm.<\/p>\n","protected":false},"featured_media":28086,"comment_status":"open","ping_status":"closed","template":"","meta":{"_et_pb_use_builder":"","_et_pb_old_content":"","_et_gb_content_width":""},"product_cat":[24,16],"product_tag":[],"_links":{"self":[{"href":"https:\/\/marneantic.com\/index.php\/wp-json\/wp\/v2\/product\/28083"}],"collection":[{"href":"https:\/\/marneantic.com\/index.php\/wp-json\/wp\/v2\/product"}],"about":[{"href":"https:\/\/marneantic.com\/index.php\/wp-json\/wp\/v2\/types\/product"}],"replies":[{"embeddable":true,"href":"https:\/\/marneantic.com\/index.php\/wp-json\/wp\/v2\/comments?post=28083"}],"wp:featuredmedia":[{"embeddable":true,"href":"https:\/\/marneantic.com\/index.php\/wp-json\/wp\/v2\/media\/28086"}],"wp:attachment":[{"href":"https:\/\/marneantic.com\/index.php\/wp-json\/wp\/v2\/media?parent=28083"}],"wp:term":[{"taxonomy":"product_cat","embeddable":true,"href":"https:\/\/marneantic.com\/index.php\/wp-json\/wp\/v2\/product_cat?post=28083"},{"taxonomy":"product_tag","embeddable":true,"href":"https:\/\/marneantic.com\/index.php\/wp-json\/wp\/v2\/product_tag?post=28083"}],"curies":[{"name":"wp","href":"https:\/\/api.w.org\/{rel}","templated":true}]}}