{"id":28090,"date":"2026-05-13T15:18:43","date_gmt":"2026-05-13T14:18:43","guid":{"rendered":"https:\/\/marneantic.com\/?post_type=product&#038;p=28090"},"modified":"2026-05-13T15:24:17","modified_gmt":"2026-05-13T14:24:17","slug":"pot-a-creme-ancien-en-porcelaine-monogramme","status":"publish","type":"product","link":"https:\/\/marneantic.com\/index.php\/produit\/pot-a-creme-ancien-en-porcelaine-monogramme\/","title":{"rendered":"Pot \u00e0 cr\u00e8me ancien en porcelaine monogramm\u00e9"},"content":{"rendered":"","protected":false},"excerpt":{"rendered":"<p>pot \u00e0 cr\u00e8me ancien en porcelaine monogramm\u00e9 a d\u00e9cor de partition et notes de musique, en tr\u00e8s bon \u00e9tat<\/p>\n<div>hauteur:8cm<\/div>\n<div>diametre:6.5cm<\/div>\n<div>aucune marque de fabrique mais probablement porcelaine de Paris<\/div>\n","protected":false},"featured_media":28091,"comment_status":"open","ping_status":"closed","template":"","meta":{"_et_pb_use_builder":"","_et_pb_old_content":"","_et_gb_content_width":""},"product_cat":[28,7],"product_tag":[],"_links":{"self":[{"href":"https:\/\/marneantic.com\/index.php\/wp-json\/wp\/v2\/product\/28090"}],"collection":[{"href":"https:\/\/marneantic.com\/index.php\/wp-json\/wp\/v2\/product"}],"about":[{"href":"https:\/\/marneantic.com\/index.php\/wp-json\/wp\/v2\/types\/product"}],"replies":[{"embeddable":true,"href":"https:\/\/marneantic.com\/index.php\/wp-json\/wp\/v2\/comments?post=28090"}],"wp:featuredmedia":[{"embeddable":true,"href":"https:\/\/marneantic.com\/index.php\/wp-json\/wp\/v2\/media\/28091"}],"wp:attachment":[{"href":"https:\/\/marneantic.com\/index.php\/wp-json\/wp\/v2\/media?parent=28090"}],"wp:term":[{"taxonomy":"product_cat","embeddable":true,"href":"https:\/\/marneantic.com\/index.php\/wp-json\/wp\/v2\/product_cat?post=28090"},{"taxonomy":"product_tag","embeddable":true,"href":"https:\/\/marneantic.com\/index.php\/wp-json\/wp\/v2\/product_tag?post=28090"}],"curies":[{"name":"wp","href":"https:\/\/api.w.org\/{rel}","templated":true}]}}