{"id":28098,"date":"2026-05-13T15:46:21","date_gmt":"2026-05-13T14:46:21","guid":{"rendered":"https:\/\/marneantic.com\/?post_type=product&#038;p=28098"},"modified":"2026-05-13T15:48:43","modified_gmt":"2026-05-13T14:48:43","slug":"aquarelle-ancienne-annees-folles-1913-signee","status":"publish","type":"product","link":"https:\/\/marneantic.com\/index.php\/produit\/aquarelle-ancienne-annees-folles-1913-signee\/","title":{"rendered":"Aquarelle ancienne ann\u00e9es folles 1913 &#8211; sign\u00e9e"},"content":{"rendered":"","protected":false},"excerpt":{"rendered":"<div>\n<div>\n<div>\n<div>\n<div>\n<div><span style=\"font-family: Arial; font-size: large;\">Aquarelle ancienne ann\u00e9es folles dat\u00e9e 1913 &#8211; sign\u00e9e je pense TOURAINE<br \/>\n<\/span><\/p>\n<div><span><span style=\"font-family: Arial; font-size: large;\">bon \u00e9tat<br \/>\n<\/span><\/span><\/p>\n<div><span style=\"font-family: Arial; font-size: large;\">dimensions:30.8&#215;25.1cm<\/span><\/div>\n<div><\/div>\n<\/div>\n<\/div>\n<\/div>\n<\/div>\n<div><\/div>\n<\/div>\n<\/div>\n<\/div>\n<div><\/div>\n","protected":false},"featured_media":28099,"comment_status":"open","ping_status":"closed","template":"","meta":{"_et_pb_use_builder":"","_et_pb_old_content":"","_et_gb_content_width":""},"product_cat":[47],"product_tag":[],"_links":{"self":[{"href":"https:\/\/marneantic.com\/index.php\/wp-json\/wp\/v2\/product\/28098"}],"collection":[{"href":"https:\/\/marneantic.com\/index.php\/wp-json\/wp\/v2\/product"}],"about":[{"href":"https:\/\/marneantic.com\/index.php\/wp-json\/wp\/v2\/types\/product"}],"replies":[{"embeddable":true,"href":"https:\/\/marneantic.com\/index.php\/wp-json\/wp\/v2\/comments?post=28098"}],"wp:featuredmedia":[{"embeddable":true,"href":"https:\/\/marneantic.com\/index.php\/wp-json\/wp\/v2\/media\/28099"}],"wp:attachment":[{"href":"https:\/\/marneantic.com\/index.php\/wp-json\/wp\/v2\/media?parent=28098"}],"wp:term":[{"taxonomy":"product_cat","embeddable":true,"href":"https:\/\/marneantic.com\/index.php\/wp-json\/wp\/v2\/product_cat?post=28098"},{"taxonomy":"product_tag","embeddable":true,"href":"https:\/\/marneantic.com\/index.php\/wp-json\/wp\/v2\/product_tag?post=28098"}],"curies":[{"name":"wp","href":"https:\/\/api.w.org\/{rel}","templated":true}]}}