{"id":28115,"date":"2026-05-15T15:24:08","date_gmt":"2026-05-15T14:24:08","guid":{"rendered":"https:\/\/marneantic.com\/?post_type=product&#038;p=28115"},"modified":"2026-05-15T15:31:20","modified_gmt":"2026-05-15T14:31:20","slug":"sucrier-ancien-monogramme-en-porcelaine-de-paris","status":"publish","type":"product","link":"https:\/\/marneantic.com\/index.php\/produit\/sucrier-ancien-monogramme-en-porcelaine-de-paris\/","title":{"rendered":"Sucrier ancien monogramm\u00e9 en porcelaine de Paris"},"content":{"rendered":"","protected":false},"excerpt":{"rendered":"<p>Sucrier ancien monogramm\u00e9 BO en porcelaine de Paris( cachet d\u00e9p\u00f4t 17 rue Drouot), en tr\u00e8s bon \u00e9tat, hauteur avec couvercle:17cm, largeur:15cm hors poign\u00e9es<\/p>\n","protected":false},"featured_media":28116,"comment_status":"open","ping_status":"closed","template":"","meta":{"_et_pb_use_builder":"","_et_pb_old_content":"","_et_gb_content_width":""},"product_cat":[26,7],"product_tag":[],"_links":{"self":[{"href":"https:\/\/marneantic.com\/index.php\/wp-json\/wp\/v2\/product\/28115"}],"collection":[{"href":"https:\/\/marneantic.com\/index.php\/wp-json\/wp\/v2\/product"}],"about":[{"href":"https:\/\/marneantic.com\/index.php\/wp-json\/wp\/v2\/types\/product"}],"replies":[{"embeddable":true,"href":"https:\/\/marneantic.com\/index.php\/wp-json\/wp\/v2\/comments?post=28115"}],"wp:featuredmedia":[{"embeddable":true,"href":"https:\/\/marneantic.com\/index.php\/wp-json\/wp\/v2\/media\/28116"}],"wp:attachment":[{"href":"https:\/\/marneantic.com\/index.php\/wp-json\/wp\/v2\/media?parent=28115"}],"wp:term":[{"taxonomy":"product_cat","embeddable":true,"href":"https:\/\/marneantic.com\/index.php\/wp-json\/wp\/v2\/product_cat?post=28115"},{"taxonomy":"product_tag","embeddable":true,"href":"https:\/\/marneantic.com\/index.php\/wp-json\/wp\/v2\/product_tag?post=28115"}],"curies":[{"name":"wp","href":"https:\/\/api.w.org\/{rel}","templated":true}]}}