{"id":28120,"date":"2026-05-15T15:32:47","date_gmt":"2026-05-15T14:32:47","guid":{"rendered":"https:\/\/marneantic.com\/?post_type=product&#038;p=28120"},"modified":"2026-05-15T15:38:05","modified_gmt":"2026-05-15T14:38:05","slug":"pichet-a-lait-ancien-monogramme-en-porcelaine-de-paris","status":"publish","type":"product","link":"https:\/\/marneantic.com\/index.php\/produit\/pichet-a-lait-ancien-monogramme-en-porcelaine-de-paris\/","title":{"rendered":"Pichet a lait ancien monogramm\u00e9 en porcelaine de Paris"},"content":{"rendered":"","protected":false},"excerpt":{"rendered":"<p>Pichet a lait ancien monogramm\u00e9 en porcelaine de Paris( cachet d\u00e9p\u00f4t 17 rue Drouot), en tr\u00e8s bon \u00e9tat, hauteur :12cm, largeur:12cm hors poign\u00e9e<\/p>\n","protected":false},"featured_media":28122,"comment_status":"open","ping_status":"closed","template":"","meta":{"_et_pb_use_builder":"","_et_pb_old_content":"","_et_gb_content_width":""},"product_cat":[26,7],"product_tag":[],"_links":{"self":[{"href":"https:\/\/marneantic.com\/index.php\/wp-json\/wp\/v2\/product\/28120"}],"collection":[{"href":"https:\/\/marneantic.com\/index.php\/wp-json\/wp\/v2\/product"}],"about":[{"href":"https:\/\/marneantic.com\/index.php\/wp-json\/wp\/v2\/types\/product"}],"replies":[{"embeddable":true,"href":"https:\/\/marneantic.com\/index.php\/wp-json\/wp\/v2\/comments?post=28120"}],"wp:featuredmedia":[{"embeddable":true,"href":"https:\/\/marneantic.com\/index.php\/wp-json\/wp\/v2\/media\/28122"}],"wp:attachment":[{"href":"https:\/\/marneantic.com\/index.php\/wp-json\/wp\/v2\/media?parent=28120"}],"wp:term":[{"taxonomy":"product_cat","embeddable":true,"href":"https:\/\/marneantic.com\/index.php\/wp-json\/wp\/v2\/product_cat?post=28120"},{"taxonomy":"product_tag","embeddable":true,"href":"https:\/\/marneantic.com\/index.php\/wp-json\/wp\/v2\/product_tag?post=28120"}],"curies":[{"name":"wp","href":"https:\/\/api.w.org\/{rel}","templated":true}]}}