{"id":2904,"date":"2017-01-06T16:06:15","date_gmt":"2017-01-06T15:06:15","guid":{"rendered":"http:\/\/marneantic.com\/?post_type=product&#038;p=2904"},"modified":"2017-01-06T16:06:16","modified_gmt":"2017-01-06T15:06:16","slug":"paire-de-salerons-en-cristal-de-sevres","status":"publish","type":"product","link":"https:\/\/marneantic.com\/index.php\/produit\/paire-de-salerons-en-cristal-de-sevres\/","title":{"rendered":"Paire de salerons en cristal de S\u00e8vres"},"content":{"rendered":"","protected":false},"excerpt":{"rendered":"<p>Paire de salerons en cristal de S\u00e8vres en tr\u00e8s bon \u00e9tat,sign\u00e9s au dessous,longueur:11cm,largeur:5cm,hauteur:4cm<\/p>\n","protected":false},"featured_media":2907,"comment_status":"closed","ping_status":"closed","template":"","meta":{"_et_pb_use_builder":"","_et_pb_old_content":"","_et_gb_content_width":""},"product_cat":[13,10,11],"product_tag":[],"_links":{"self":[{"href":"https:\/\/marneantic.com\/index.php\/wp-json\/wp\/v2\/product\/2904"}],"collection":[{"href":"https:\/\/marneantic.com\/index.php\/wp-json\/wp\/v2\/product"}],"about":[{"href":"https:\/\/marneantic.com\/index.php\/wp-json\/wp\/v2\/types\/product"}],"replies":[{"embeddable":true,"href":"https:\/\/marneantic.com\/index.php\/wp-json\/wp\/v2\/comments?post=2904"}],"wp:featuredmedia":[{"embeddable":true,"href":"https:\/\/marneantic.com\/index.php\/wp-json\/wp\/v2\/media\/2907"}],"wp:attachment":[{"href":"https:\/\/marneantic.com\/index.php\/wp-json\/wp\/v2\/media?parent=2904"}],"wp:term":[{"taxonomy":"product_cat","embeddable":true,"href":"https:\/\/marneantic.com\/index.php\/wp-json\/wp\/v2\/product_cat?post=2904"},{"taxonomy":"product_tag","embeddable":true,"href":"https:\/\/marneantic.com\/index.php\/wp-json\/wp\/v2\/product_tag?post=2904"}],"curies":[{"name":"wp","href":"https:\/\/api.w.org\/{rel}","templated":true}]}}