{"id":2971,"date":"2017-01-13T15:42:32","date_gmt":"2017-01-13T14:42:32","guid":{"rendered":"http:\/\/marneantic.com\/?post_type=product&#038;p=2971"},"modified":"2024-09-30T07:24:37","modified_gmt":"2024-09-30T06:24:37","slug":"coupe-a-champagne-ancienne-en-cristal","status":"publish","type":"product","link":"https:\/\/marneantic.com\/index.php\/produit\/coupe-a-champagne-ancienne-en-cristal\/","title":{"rendered":"Coupe a champagne ancienne en cristal"},"content":{"rendered":"","protected":false},"excerpt":{"rendered":"<p>Coupe a champagne ancienne en cristal,forme tulipe,en tr\u00e8s bon \u00e9tat,hauteur:11.5cm,diam\u00e8tre du buvant:10.2cm,diametre du pied:6.8cm<\/p>\n","protected":false},"featured_media":2973,"comment_status":"closed","ping_status":"closed","template":"","meta":{"_et_pb_use_builder":"","_et_pb_old_content":"","_et_gb_content_width":""},"product_cat":[10,11],"product_tag":[],"_links":{"self":[{"href":"https:\/\/marneantic.com\/index.php\/wp-json\/wp\/v2\/product\/2971"}],"collection":[{"href":"https:\/\/marneantic.com\/index.php\/wp-json\/wp\/v2\/product"}],"about":[{"href":"https:\/\/marneantic.com\/index.php\/wp-json\/wp\/v2\/types\/product"}],"replies":[{"embeddable":true,"href":"https:\/\/marneantic.com\/index.php\/wp-json\/wp\/v2\/comments?post=2971"}],"wp:featuredmedia":[{"embeddable":true,"href":"https:\/\/marneantic.com\/index.php\/wp-json\/wp\/v2\/media\/2973"}],"wp:attachment":[{"href":"https:\/\/marneantic.com\/index.php\/wp-json\/wp\/v2\/media?parent=2971"}],"wp:term":[{"taxonomy":"product_cat","embeddable":true,"href":"https:\/\/marneantic.com\/index.php\/wp-json\/wp\/v2\/product_cat?post=2971"},{"taxonomy":"product_tag","embeddable":true,"href":"https:\/\/marneantic.com\/index.php\/wp-json\/wp\/v2\/product_tag?post=2971"}],"curies":[{"name":"wp","href":"https:\/\/api.w.org\/{rel}","templated":true}]}}