{"id":3050,"date":"2017-01-20T17:35:37","date_gmt":"2017-01-20T16:35:37","guid":{"rendered":"http:\/\/marneantic.com\/?post_type=product&#038;p=3050"},"modified":"2023-04-17T19:29:05","modified_gmt":"2023-04-17T18:29:05","slug":"12-assiettes-a-asperges-contemporaine-en-barbotineorchiesmoulin-des-loups","status":"publish","type":"product","link":"https:\/\/marneantic.com\/index.php\/produit\/12-assiettes-a-asperges-contemporaine-en-barbotineorchiesmoulin-des-loups\/","title":{"rendered":"12 assiettes a asperges contemporaine en barbotine,Orchies\/moulin des loups"},"content":{"rendered":"","protected":false},"excerpt":{"rendered":"<p>12 assiettes a asperges contemporaine en barbotine,Orchies\/moulin des loups,en parfait \u00e9tat sauf une qui a un petit \u00e9clat d&rsquo;\u00e9mail(photo4),diametre:25cm<\/p>\n","protected":false},"featured_media":3054,"comment_status":"closed","ping_status":"closed","template":"","meta":{"_et_pb_use_builder":"","_et_pb_old_content":"","_et_gb_content_width":""},"product_cat":[27,7],"product_tag":[],"_links":{"self":[{"href":"https:\/\/marneantic.com\/index.php\/wp-json\/wp\/v2\/product\/3050"}],"collection":[{"href":"https:\/\/marneantic.com\/index.php\/wp-json\/wp\/v2\/product"}],"about":[{"href":"https:\/\/marneantic.com\/index.php\/wp-json\/wp\/v2\/types\/product"}],"replies":[{"embeddable":true,"href":"https:\/\/marneantic.com\/index.php\/wp-json\/wp\/v2\/comments?post=3050"}],"wp:featuredmedia":[{"embeddable":true,"href":"https:\/\/marneantic.com\/index.php\/wp-json\/wp\/v2\/media\/3054"}],"wp:attachment":[{"href":"https:\/\/marneantic.com\/index.php\/wp-json\/wp\/v2\/media?parent=3050"}],"wp:term":[{"taxonomy":"product_cat","embeddable":true,"href":"https:\/\/marneantic.com\/index.php\/wp-json\/wp\/v2\/product_cat?post=3050"},{"taxonomy":"product_tag","embeddable":true,"href":"https:\/\/marneantic.com\/index.php\/wp-json\/wp\/v2\/product_tag?post=3050"}],"curies":[{"name":"wp","href":"https:\/\/api.w.org\/{rel}","templated":true}]}}