{"id":3078,"date":"2017-01-24T15:46:06","date_gmt":"2017-01-24T14:46:06","guid":{"rendered":"http:\/\/marneantic.com\/index.php\/produit\/pichet-publicitaire-ancienricard\/"},"modified":"2026-03-27T13:18:42","modified_gmt":"2026-03-27T12:18:42","slug":"pichet-publicitaire-ancienricard","status":"publish","type":"product","link":"https:\/\/marneantic.com\/index.php\/produit\/pichet-publicitaire-ancienricard\/","title":{"rendered":"Pichet publicitaire ancien\u00a0\u00bbRICARD\u00a0\u00bb"},"content":{"rendered":"","protected":false},"excerpt":{"rendered":"<p>Pichet publicitaire ancien\u00a0\u00bbRICARD\u00a0\u00bben fa\u00efence,en tr\u00e8s bon \u00e9tat,hauteur:14.5cm<\/p>\n","protected":false},"featured_media":3080,"comment_status":"closed","ping_status":"closed","template":"","meta":{"_et_pb_use_builder":"","_et_pb_old_content":"","_et_gb_content_width":""},"product_cat":[15],"product_tag":[],"_links":{"self":[{"href":"https:\/\/marneantic.com\/index.php\/wp-json\/wp\/v2\/product\/3078"}],"collection":[{"href":"https:\/\/marneantic.com\/index.php\/wp-json\/wp\/v2\/product"}],"about":[{"href":"https:\/\/marneantic.com\/index.php\/wp-json\/wp\/v2\/types\/product"}],"replies":[{"embeddable":true,"href":"https:\/\/marneantic.com\/index.php\/wp-json\/wp\/v2\/comments?post=3078"}],"wp:featuredmedia":[{"embeddable":true,"href":"https:\/\/marneantic.com\/index.php\/wp-json\/wp\/v2\/media\/3080"}],"wp:attachment":[{"href":"https:\/\/marneantic.com\/index.php\/wp-json\/wp\/v2\/media?parent=3078"}],"wp:term":[{"taxonomy":"product_cat","embeddable":true,"href":"https:\/\/marneantic.com\/index.php\/wp-json\/wp\/v2\/product_cat?post=3078"},{"taxonomy":"product_tag","embeddable":true,"href":"https:\/\/marneantic.com\/index.php\/wp-json\/wp\/v2\/product_tag?post=3078"}],"curies":[{"name":"wp","href":"https:\/\/api.w.org\/{rel}","templated":true}]}}