{"id":3090,"date":"2017-01-25T17:26:11","date_gmt":"2017-01-25T16:26:11","guid":{"rendered":"http:\/\/marneantic.com\/index.php\/produit\/coupe-a-champagne-ancienne-en-cristal-2\/"},"modified":"2021-04-08T11:30:31","modified_gmt":"2021-04-08T10:30:31","slug":"coupe-a-champagne-ancienne-en-cristal-2","status":"publish","type":"product","link":"https:\/\/marneantic.com\/index.php\/produit\/coupe-a-champagne-ancienne-en-cristal-2\/","title":{"rendered":"Coupe a champagne ancienne en cristal"},"content":{"rendered":"","protected":false},"excerpt":{"rendered":"<p>Coupe a champagne ancienne en cristal cisel\u00e9e,fin 19eme,d\u00e9but 20eme,d\u00e9cor a 15 facettes sur la base du contenant,en tres bon \u00e9tat,hauteur:11.3cm,diam\u00e8tre du buvant:9.3cm,diam\u00e8tre du pied:7cm<\/p>\n","protected":false},"featured_media":3092,"comment_status":"closed","ping_status":"closed","template":"","meta":{"_et_pb_use_builder":"","_et_pb_old_content":"","_et_gb_content_width":""},"product_cat":[10,11],"product_tag":[],"_links":{"self":[{"href":"https:\/\/marneantic.com\/index.php\/wp-json\/wp\/v2\/product\/3090"}],"collection":[{"href":"https:\/\/marneantic.com\/index.php\/wp-json\/wp\/v2\/product"}],"about":[{"href":"https:\/\/marneantic.com\/index.php\/wp-json\/wp\/v2\/types\/product"}],"replies":[{"embeddable":true,"href":"https:\/\/marneantic.com\/index.php\/wp-json\/wp\/v2\/comments?post=3090"}],"wp:featuredmedia":[{"embeddable":true,"href":"https:\/\/marneantic.com\/index.php\/wp-json\/wp\/v2\/media\/3092"}],"wp:attachment":[{"href":"https:\/\/marneantic.com\/index.php\/wp-json\/wp\/v2\/media?parent=3090"}],"wp:term":[{"taxonomy":"product_cat","embeddable":true,"href":"https:\/\/marneantic.com\/index.php\/wp-json\/wp\/v2\/product_cat?post=3090"},{"taxonomy":"product_tag","embeddable":true,"href":"https:\/\/marneantic.com\/index.php\/wp-json\/wp\/v2\/product_tag?post=3090"}],"curies":[{"name":"wp","href":"https:\/\/api.w.org\/{rel}","templated":true}]}}