{"id":3116,"date":"2017-01-27T15:34:39","date_gmt":"2017-01-27T14:34:39","guid":{"rendered":"http:\/\/marneantic.com\/?post_type=product&#038;p=3116"},"modified":"2017-01-27T15:34:39","modified_gmt":"2017-01-27T14:34:39","slug":"grand-plat-creux-en-faience-de-rouen","status":"publish","type":"product","link":"https:\/\/marneantic.com\/index.php\/produit\/grand-plat-creux-en-faience-de-rouen\/","title":{"rendered":"Grand plat creux en fa\u00efence de rouen"},"content":{"rendered":"","protected":false},"excerpt":{"rendered":"<p>Grand plat creux en fa\u00efence de Rouen,en parfait \u00e9tat,diam\u00e8tre:30cm,hauteur:6cm<\/p>\n","protected":false},"featured_media":3119,"comment_status":"closed","ping_status":"closed","template":"","meta":{"_et_pb_use_builder":"","_et_pb_old_content":"","_et_gb_content_width":""},"product_cat":[8,28,7],"product_tag":[],"_links":{"self":[{"href":"https:\/\/marneantic.com\/index.php\/wp-json\/wp\/v2\/product\/3116"}],"collection":[{"href":"https:\/\/marneantic.com\/index.php\/wp-json\/wp\/v2\/product"}],"about":[{"href":"https:\/\/marneantic.com\/index.php\/wp-json\/wp\/v2\/types\/product"}],"replies":[{"embeddable":true,"href":"https:\/\/marneantic.com\/index.php\/wp-json\/wp\/v2\/comments?post=3116"}],"wp:featuredmedia":[{"embeddable":true,"href":"https:\/\/marneantic.com\/index.php\/wp-json\/wp\/v2\/media\/3119"}],"wp:attachment":[{"href":"https:\/\/marneantic.com\/index.php\/wp-json\/wp\/v2\/media?parent=3116"}],"wp:term":[{"taxonomy":"product_cat","embeddable":true,"href":"https:\/\/marneantic.com\/index.php\/wp-json\/wp\/v2\/product_cat?post=3116"},{"taxonomy":"product_tag","embeddable":true,"href":"https:\/\/marneantic.com\/index.php\/wp-json\/wp\/v2\/product_tag?post=3116"}],"curies":[{"name":"wp","href":"https:\/\/api.w.org\/{rel}","templated":true}]}}