{"id":3139,"date":"2017-01-31T11:38:57","date_gmt":"2017-01-31T10:38:57","guid":{"rendered":"http:\/\/marneantic.com\/index.php\/produit\/service-a-salade-art-deco-ancienargent-et-corne-en-ecrin\/"},"modified":"2019-08-13T07:37:50","modified_gmt":"2019-08-13T06:37:50","slug":"service-a-salade-art-deco-ancienargent-et-corne-en-ecrin","status":"publish","type":"product","link":"https:\/\/marneantic.com\/index.php\/produit\/service-a-salade-art-deco-ancienargent-et-corne-en-ecrin\/","title":{"rendered":"Service a salade art-d\u00e9co ancien,argent et corne en \u00e9crin"},"content":{"rendered":"","protected":false},"excerpt":{"rendered":"<p>Service a salade art-d\u00e9co ancien,manche en argent et tetes en corne,en tr\u00e8s bon \u00e9tat,longueur:28cm,\u00e9crin d&rsquo;origine avec traces d&rsquo;usage<\/p>\n","protected":false},"featured_media":3143,"comment_status":"closed","ping_status":"closed","template":"","meta":{"_et_pb_use_builder":"","_et_pb_old_content":"","_et_gb_content_width":""},"product_cat":[10,44,29],"product_tag":[],"_links":{"self":[{"href":"https:\/\/marneantic.com\/index.php\/wp-json\/wp\/v2\/product\/3139"}],"collection":[{"href":"https:\/\/marneantic.com\/index.php\/wp-json\/wp\/v2\/product"}],"about":[{"href":"https:\/\/marneantic.com\/index.php\/wp-json\/wp\/v2\/types\/product"}],"replies":[{"embeddable":true,"href":"https:\/\/marneantic.com\/index.php\/wp-json\/wp\/v2\/comments?post=3139"}],"wp:featuredmedia":[{"embeddable":true,"href":"https:\/\/marneantic.com\/index.php\/wp-json\/wp\/v2\/media\/3143"}],"wp:attachment":[{"href":"https:\/\/marneantic.com\/index.php\/wp-json\/wp\/v2\/media?parent=3139"}],"wp:term":[{"taxonomy":"product_cat","embeddable":true,"href":"https:\/\/marneantic.com\/index.php\/wp-json\/wp\/v2\/product_cat?post=3139"},{"taxonomy":"product_tag","embeddable":true,"href":"https:\/\/marneantic.com\/index.php\/wp-json\/wp\/v2\/product_tag?post=3139"}],"curies":[{"name":"wp","href":"https:\/\/api.w.org\/{rel}","templated":true}]}}