{"id":3167,"date":"2017-02-02T17:13:45","date_gmt":"2017-02-02T16:13:45","guid":{"rendered":"http:\/\/marneantic.com\/?post_type=product&#038;p=3167"},"modified":"2017-09-14T10:17:25","modified_gmt":"2017-09-14T09:17:25","slug":"service-a-fruits-ancien-24-pieces-en-ecrin","status":"publish","type":"product","link":"https:\/\/marneantic.com\/index.php\/produit\/service-a-fruits-ancien-24-pieces-en-ecrin\/","title":{"rendered":"Service a fruits ancien 24 pi\u00e8ces en \u00e9crin"},"content":{"rendered":"","protected":false},"excerpt":{"rendered":"<p>service a fruits ancien 24 pi\u00e8ces en \u00e9crin,en \u00e9tat proche du neuf,lames acier,manches bak\u00e9lite et viroles argent(2 manches de fourchettes sont craquel\u00e9s)longueur couteaux:17.2cm,longueur fourchettes:16.2cm,\u00e9crin avec traces d&rsquo;usage<\/p>\n","protected":false},"featured_media":3172,"comment_status":"closed","ping_status":"closed","template":"","meta":{"_et_pb_use_builder":"","_et_pb_old_content":"","_et_gb_content_width":""},"product_cat":[10,29],"product_tag":[],"_links":{"self":[{"href":"https:\/\/marneantic.com\/index.php\/wp-json\/wp\/v2\/product\/3167"}],"collection":[{"href":"https:\/\/marneantic.com\/index.php\/wp-json\/wp\/v2\/product"}],"about":[{"href":"https:\/\/marneantic.com\/index.php\/wp-json\/wp\/v2\/types\/product"}],"replies":[{"embeddable":true,"href":"https:\/\/marneantic.com\/index.php\/wp-json\/wp\/v2\/comments?post=3167"}],"wp:featuredmedia":[{"embeddable":true,"href":"https:\/\/marneantic.com\/index.php\/wp-json\/wp\/v2\/media\/3172"}],"wp:attachment":[{"href":"https:\/\/marneantic.com\/index.php\/wp-json\/wp\/v2\/media?parent=3167"}],"wp:term":[{"taxonomy":"product_cat","embeddable":true,"href":"https:\/\/marneantic.com\/index.php\/wp-json\/wp\/v2\/product_cat?post=3167"},{"taxonomy":"product_tag","embeddable":true,"href":"https:\/\/marneantic.com\/index.php\/wp-json\/wp\/v2\/product_tag?post=3167"}],"curies":[{"name":"wp","href":"https:\/\/api.w.org\/{rel}","templated":true}]}}