{"id":326,"date":"2016-02-17T15:45:47","date_gmt":"2016-02-17T14:45:47","guid":{"rendered":"http:\/\/marneantic.com\/?post_type=product&#038;p=326"},"modified":"2016-02-18T14:23:33","modified_gmt":"2016-02-18T13:23:33","slug":"carafe-gravee-ancienne","status":"publish","type":"product","link":"https:\/\/marneantic.com\/index.php\/produit\/carafe-gravee-ancienne\/","title":{"rendered":"Carafe grav\u00e9e ancienne"},"content":{"rendered":"","protected":false},"excerpt":{"rendered":"<p>Belle carafe ancienne grav\u00e9e(d\u00e9but 20eme),bouchon assorti,num\u00e9ro identique carafe\/bouchon,en tr\u00e8s bon \u00e9tat<\/p>\n","protected":false},"featured_media":436,"comment_status":"closed","ping_status":"closed","template":"","meta":{"_et_pb_use_builder":"","_et_pb_old_content":"","_et_gb_content_width":""},"product_cat":[11],"product_tag":[],"_links":{"self":[{"href":"https:\/\/marneantic.com\/index.php\/wp-json\/wp\/v2\/product\/326"}],"collection":[{"href":"https:\/\/marneantic.com\/index.php\/wp-json\/wp\/v2\/product"}],"about":[{"href":"https:\/\/marneantic.com\/index.php\/wp-json\/wp\/v2\/types\/product"}],"replies":[{"embeddable":true,"href":"https:\/\/marneantic.com\/index.php\/wp-json\/wp\/v2\/comments?post=326"}],"wp:featuredmedia":[{"embeddable":true,"href":"https:\/\/marneantic.com\/index.php\/wp-json\/wp\/v2\/media\/436"}],"wp:attachment":[{"href":"https:\/\/marneantic.com\/index.php\/wp-json\/wp\/v2\/media?parent=326"}],"wp:term":[{"taxonomy":"product_cat","embeddable":true,"href":"https:\/\/marneantic.com\/index.php\/wp-json\/wp\/v2\/product_cat?post=326"},{"taxonomy":"product_tag","embeddable":true,"href":"https:\/\/marneantic.com\/index.php\/wp-json\/wp\/v2\/product_tag?post=326"}],"curies":[{"name":"wp","href":"https:\/\/api.w.org\/{rel}","templated":true}]}}