{"id":3301,"date":"2017-02-27T11:42:21","date_gmt":"2017-02-27T10:42:21","guid":{"rendered":"http:\/\/marneantic.com\/?post_type=product&#038;p=3301"},"modified":"2017-11-12T16:32:27","modified_gmt":"2017-11-12T15:32:27","slug":"petit-service-de-fumeur-ancien-en-porcelaine-allemande","status":"publish","type":"product","link":"https:\/\/marneantic.com\/index.php\/produit\/petit-service-de-fumeur-ancien-en-porcelaine-allemande\/","title":{"rendered":"Petit service de fumeur ancien en porcelaine allemande"},"content":{"rendered":"","protected":false},"excerpt":{"rendered":"<p>Petit service de fumeur ancien en porcelaine allemande a d\u00e9cor romantique,en tr\u00e8s bon \u00e9tat,pour indication taille du plateau:15&#215;8.8cm<\/p>\n","protected":false},"featured_media":3306,"comment_status":"closed","ping_status":"closed","template":"","meta":{"_et_pb_use_builder":"","_et_pb_old_content":"","_et_gb_content_width":""},"product_cat":[14],"product_tag":[],"_links":{"self":[{"href":"https:\/\/marneantic.com\/index.php\/wp-json\/wp\/v2\/product\/3301"}],"collection":[{"href":"https:\/\/marneantic.com\/index.php\/wp-json\/wp\/v2\/product"}],"about":[{"href":"https:\/\/marneantic.com\/index.php\/wp-json\/wp\/v2\/types\/product"}],"replies":[{"embeddable":true,"href":"https:\/\/marneantic.com\/index.php\/wp-json\/wp\/v2\/comments?post=3301"}],"wp:featuredmedia":[{"embeddable":true,"href":"https:\/\/marneantic.com\/index.php\/wp-json\/wp\/v2\/media\/3306"}],"wp:attachment":[{"href":"https:\/\/marneantic.com\/index.php\/wp-json\/wp\/v2\/media?parent=3301"}],"wp:term":[{"taxonomy":"product_cat","embeddable":true,"href":"https:\/\/marneantic.com\/index.php\/wp-json\/wp\/v2\/product_cat?post=3301"},{"taxonomy":"product_tag","embeddable":true,"href":"https:\/\/marneantic.com\/index.php\/wp-json\/wp\/v2\/product_tag?post=3301"}],"curies":[{"name":"wp","href":"https:\/\/api.w.org\/{rel}","templated":true}]}}