{"id":3396,"date":"2017-03-21T17:10:12","date_gmt":"2017-03-21T16:10:12","guid":{"rendered":"http:\/\/marneantic.com\/?post_type=product&#038;p=3396"},"modified":"2017-03-21T17:10:12","modified_gmt":"2017-03-21T16:10:12","slug":"coupe-en-cristal-bulle-signe-schneider-a-paris","status":"publish","type":"product","link":"https:\/\/marneantic.com\/index.php\/produit\/coupe-en-cristal-bulle-signe-schneider-a-paris\/","title":{"rendered":"Coupe en cristal bull\u00e9 sign\u00e9 Schneider a Paris"},"content":{"rendered":"","protected":false},"excerpt":{"rendered":"<p>Coupe en cristal bull\u00e9 sign\u00e9 Schneider a Paris,en tr\u00e8s bon \u00e9tat,hauteur:11.5cm,largeur:21cm,profondeur:17cm<\/p>\n","protected":false},"featured_media":3399,"comment_status":"closed","ping_status":"closed","template":"","meta":{"_et_pb_use_builder":"","_et_pb_old_content":"","_et_gb_content_width":""},"product_cat":[10,8,11],"product_tag":[],"_links":{"self":[{"href":"https:\/\/marneantic.com\/index.php\/wp-json\/wp\/v2\/product\/3396"}],"collection":[{"href":"https:\/\/marneantic.com\/index.php\/wp-json\/wp\/v2\/product"}],"about":[{"href":"https:\/\/marneantic.com\/index.php\/wp-json\/wp\/v2\/types\/product"}],"replies":[{"embeddable":true,"href":"https:\/\/marneantic.com\/index.php\/wp-json\/wp\/v2\/comments?post=3396"}],"wp:featuredmedia":[{"embeddable":true,"href":"https:\/\/marneantic.com\/index.php\/wp-json\/wp\/v2\/media\/3399"}],"wp:attachment":[{"href":"https:\/\/marneantic.com\/index.php\/wp-json\/wp\/v2\/media?parent=3396"}],"wp:term":[{"taxonomy":"product_cat","embeddable":true,"href":"https:\/\/marneantic.com\/index.php\/wp-json\/wp\/v2\/product_cat?post=3396"},{"taxonomy":"product_tag","embeddable":true,"href":"https:\/\/marneantic.com\/index.php\/wp-json\/wp\/v2\/product_tag?post=3396"}],"curies":[{"name":"wp","href":"https:\/\/api.w.org\/{rel}","templated":true}]}}