{"id":3405,"date":"2017-03-22T16:22:52","date_gmt":"2017-03-22T15:22:52","guid":{"rendered":"http:\/\/marneantic.com\/?post_type=product&#038;p=3405"},"modified":"2025-06-19T07:27:05","modified_gmt":"2025-06-19T06:27:05","slug":"pot-en-emaux-de-longwyblason-de-nogent-sur-marne","status":"publish","type":"product","link":"https:\/\/marneantic.com\/index.php\/produit\/pot-en-emaux-de-longwyblason-de-nogent-sur-marne\/","title":{"rendered":"Pot en \u00e9maux de Longwy,blason de Nogent sur marne"},"content":{"rendered":"","protected":false},"excerpt":{"rendered":"<p>Pot en \u00e9maux de Longwy avec blason de Nogent sur marne,en parfait \u00e9tat,\u00e9tiquette encore pr\u00e9sente,hauteur:8.7cm,diametre:8.2cm<\/p>\n","protected":false},"featured_media":3409,"comment_status":"open","ping_status":"closed","template":"","meta":{"_et_pb_use_builder":"","_et_pb_old_content":"","_et_gb_content_width":""},"product_cat":[14,8],"product_tag":[],"_links":{"self":[{"href":"https:\/\/marneantic.com\/index.php\/wp-json\/wp\/v2\/product\/3405"}],"collection":[{"href":"https:\/\/marneantic.com\/index.php\/wp-json\/wp\/v2\/product"}],"about":[{"href":"https:\/\/marneantic.com\/index.php\/wp-json\/wp\/v2\/types\/product"}],"replies":[{"embeddable":true,"href":"https:\/\/marneantic.com\/index.php\/wp-json\/wp\/v2\/comments?post=3405"}],"wp:featuredmedia":[{"embeddable":true,"href":"https:\/\/marneantic.com\/index.php\/wp-json\/wp\/v2\/media\/3409"}],"wp:attachment":[{"href":"https:\/\/marneantic.com\/index.php\/wp-json\/wp\/v2\/media?parent=3405"}],"wp:term":[{"taxonomy":"product_cat","embeddable":true,"href":"https:\/\/marneantic.com\/index.php\/wp-json\/wp\/v2\/product_cat?post=3405"},{"taxonomy":"product_tag","embeddable":true,"href":"https:\/\/marneantic.com\/index.php\/wp-json\/wp\/v2\/product_tag?post=3405"}],"curies":[{"name":"wp","href":"https:\/\/api.w.org\/{rel}","templated":true}]}}