{"id":3432,"date":"2017-04-02T14:35:34","date_gmt":"2017-04-02T13:35:34","guid":{"rendered":"http:\/\/marneantic.com\/?post_type=product&#038;p=3432"},"modified":"2017-04-02T14:35:34","modified_gmt":"2017-04-02T13:35:34","slug":"suspension-annees-60en-bambou-et-rotin","status":"publish","type":"product","link":"https:\/\/marneantic.com\/index.php\/produit\/suspension-annees-60en-bambou-et-rotin\/","title":{"rendered":"Suspension ann\u00e9es 60&rsquo;en bambou  et rotin"},"content":{"rendered":"","protected":false},"excerpt":{"rendered":"<p>Suspension ann\u00e9es 60&prime; en bambou et rotin,en bon \u00e9tat ext\u00e9rieur et de fonctionnement,fourni avec ampoule,hauteur:30cm,diametre:18.5cm<\/p>\n","protected":false},"featured_media":3434,"comment_status":"closed","ping_status":"closed","template":"","meta":{"_et_pb_use_builder":"","_et_pb_old_content":"","_et_gb_content_width":""},"product_cat":[24,16],"product_tag":[],"_links":{"self":[{"href":"https:\/\/marneantic.com\/index.php\/wp-json\/wp\/v2\/product\/3432"}],"collection":[{"href":"https:\/\/marneantic.com\/index.php\/wp-json\/wp\/v2\/product"}],"about":[{"href":"https:\/\/marneantic.com\/index.php\/wp-json\/wp\/v2\/types\/product"}],"replies":[{"embeddable":true,"href":"https:\/\/marneantic.com\/index.php\/wp-json\/wp\/v2\/comments?post=3432"}],"wp:featuredmedia":[{"embeddable":true,"href":"https:\/\/marneantic.com\/index.php\/wp-json\/wp\/v2\/media\/3434"}],"wp:attachment":[{"href":"https:\/\/marneantic.com\/index.php\/wp-json\/wp\/v2\/media?parent=3432"}],"wp:term":[{"taxonomy":"product_cat","embeddable":true,"href":"https:\/\/marneantic.com\/index.php\/wp-json\/wp\/v2\/product_cat?post=3432"},{"taxonomy":"product_tag","embeddable":true,"href":"https:\/\/marneantic.com\/index.php\/wp-json\/wp\/v2\/product_tag?post=3432"}],"curies":[{"name":"wp","href":"https:\/\/api.w.org\/{rel}","templated":true}]}}