{"id":360,"date":"2016-02-18T14:41:07","date_gmt":"2016-02-18T13:41:07","guid":{"rendered":"http:\/\/marneantic.com\/?post_type=product&#038;p=360"},"modified":"2016-10-17T17:08:42","modified_gmt":"2016-10-17T16:08:42","slug":"12-fourchettes-a-huitre-metal-argente","status":"publish","type":"product","link":"https:\/\/marneantic.com\/index.php\/produit\/12-fourchettes-a-huitre-metal-argente\/","title":{"rendered":"12 fourchettes a hu\u00eetre m\u00e9tal argent\u00e9"},"content":{"rendered":"","protected":false},"excerpt":{"rendered":"<p>12 fourchettes a hu\u00eetre en m\u00e9tal argent\u00e9 poin\u00e7onn\u00e9es,en tr\u00e8s bon \u00e9tat,tr\u00e8s proche du neuf,longueur:13.5cm<\/p>\n","protected":false},"featured_media":434,"comment_status":"closed","ping_status":"closed","template":"","meta":{"_et_pb_use_builder":"","_et_pb_old_content":"","_et_gb_content_width":""},"product_cat":[12,10,29],"product_tag":[],"_links":{"self":[{"href":"https:\/\/marneantic.com\/index.php\/wp-json\/wp\/v2\/product\/360"}],"collection":[{"href":"https:\/\/marneantic.com\/index.php\/wp-json\/wp\/v2\/product"}],"about":[{"href":"https:\/\/marneantic.com\/index.php\/wp-json\/wp\/v2\/types\/product"}],"replies":[{"embeddable":true,"href":"https:\/\/marneantic.com\/index.php\/wp-json\/wp\/v2\/comments?post=360"}],"wp:featuredmedia":[{"embeddable":true,"href":"https:\/\/marneantic.com\/index.php\/wp-json\/wp\/v2\/media\/434"}],"wp:attachment":[{"href":"https:\/\/marneantic.com\/index.php\/wp-json\/wp\/v2\/media?parent=360"}],"wp:term":[{"taxonomy":"product_cat","embeddable":true,"href":"https:\/\/marneantic.com\/index.php\/wp-json\/wp\/v2\/product_cat?post=360"},{"taxonomy":"product_tag","embeddable":true,"href":"https:\/\/marneantic.com\/index.php\/wp-json\/wp\/v2\/product_tag?post=360"}],"curies":[{"name":"wp","href":"https:\/\/api.w.org\/{rel}","templated":true}]}}