{"id":3605,"date":"2017-08-01T15:15:58","date_gmt":"2017-08-01T14:15:58","guid":{"rendered":"http:\/\/marneantic.com\/index.php\/produit\/flute-a-champagne-ancienne-fin19eme\/"},"modified":"2017-08-01T15:21:55","modified_gmt":"2017-08-01T14:21:55","slug":"flute-a-champagne-ancienne-fin19eme","status":"publish","type":"product","link":"https:\/\/marneantic.com\/index.php\/produit\/flute-a-champagne-ancienne-fin19eme\/","title":{"rendered":"Fl\u00fbte a champagne ancienne fin(19eme)"},"content":{"rendered":"","protected":false},"excerpt":{"rendered":"<p>Fl\u00fbte a champagne ancienne(fin 19eme),en tr\u00e8s bon \u00e9tat,hauteur:17.5cm,diam\u00e8tre du buvant:4.2cm,diam\u00e8tre du pied:6.5cm<\/p>\n","protected":false},"featured_media":3607,"comment_status":"closed","ping_status":"closed","template":"","meta":{"_et_pb_use_builder":"","_et_pb_old_content":"","_et_gb_content_width":""},"product_cat":[10,11],"product_tag":[],"_links":{"self":[{"href":"https:\/\/marneantic.com\/index.php\/wp-json\/wp\/v2\/product\/3605"}],"collection":[{"href":"https:\/\/marneantic.com\/index.php\/wp-json\/wp\/v2\/product"}],"about":[{"href":"https:\/\/marneantic.com\/index.php\/wp-json\/wp\/v2\/types\/product"}],"replies":[{"embeddable":true,"href":"https:\/\/marneantic.com\/index.php\/wp-json\/wp\/v2\/comments?post=3605"}],"wp:featuredmedia":[{"embeddable":true,"href":"https:\/\/marneantic.com\/index.php\/wp-json\/wp\/v2\/media\/3607"}],"wp:attachment":[{"href":"https:\/\/marneantic.com\/index.php\/wp-json\/wp\/v2\/media?parent=3605"}],"wp:term":[{"taxonomy":"product_cat","embeddable":true,"href":"https:\/\/marneantic.com\/index.php\/wp-json\/wp\/v2\/product_cat?post=3605"},{"taxonomy":"product_tag","embeddable":true,"href":"https:\/\/marneantic.com\/index.php\/wp-json\/wp\/v2\/product_tag?post=3605"}],"curies":[{"name":"wp","href":"https:\/\/api.w.org\/{rel}","templated":true}]}}