{"id":364,"date":"2016-02-18T14:46:21","date_gmt":"2016-02-18T13:46:21","guid":{"rendered":"http:\/\/marneantic.com\/?post_type=product&#038;p=364"},"modified":"2016-10-17T17:08:19","modified_gmt":"2016-10-17T16:08:19","slug":"10-fourchettes-a-escargots-metal-argente","status":"publish","type":"product","link":"https:\/\/marneantic.com\/index.php\/produit\/10-fourchettes-a-escargots-metal-argente\/","title":{"rendered":"12 fourchettes a escargots m\u00e9tal argent\u00e9 en \u00e9crin"},"content":{"rendered":"","protected":false},"excerpt":{"rendered":"<p>12 fourchettes a escargots en m\u00e9tal argent\u00e9 poin\u00e7onn\u00e9,en tr\u00e8s bon \u00e9tat,tr\u00e8s proche du neuf,en \u00e9crin,longueur:14.3cm<\/p>\n","protected":false},"featured_media":647,"comment_status":"closed","ping_status":"closed","template":"","meta":{"_et_pb_use_builder":"","_et_pb_old_content":"","_et_gb_content_width":""},"product_cat":[12,10,29],"product_tag":[],"_links":{"self":[{"href":"https:\/\/marneantic.com\/index.php\/wp-json\/wp\/v2\/product\/364"}],"collection":[{"href":"https:\/\/marneantic.com\/index.php\/wp-json\/wp\/v2\/product"}],"about":[{"href":"https:\/\/marneantic.com\/index.php\/wp-json\/wp\/v2\/types\/product"}],"replies":[{"embeddable":true,"href":"https:\/\/marneantic.com\/index.php\/wp-json\/wp\/v2\/comments?post=364"}],"wp:featuredmedia":[{"embeddable":true,"href":"https:\/\/marneantic.com\/index.php\/wp-json\/wp\/v2\/media\/647"}],"wp:attachment":[{"href":"https:\/\/marneantic.com\/index.php\/wp-json\/wp\/v2\/media?parent=364"}],"wp:term":[{"taxonomy":"product_cat","embeddable":true,"href":"https:\/\/marneantic.com\/index.php\/wp-json\/wp\/v2\/product_cat?post=364"},{"taxonomy":"product_tag","embeddable":true,"href":"https:\/\/marneantic.com\/index.php\/wp-json\/wp\/v2\/product_tag?post=364"}],"curies":[{"name":"wp","href":"https:\/\/api.w.org\/{rel}","templated":true}]}}