{"id":3641,"date":"2017-09-05T15:15:19","date_gmt":"2017-09-05T14:15:19","guid":{"rendered":"http:\/\/marneantic.com\/?post_type=product&#038;p=3641"},"modified":"2017-09-05T15:15:19","modified_gmt":"2017-09-05T14:15:19","slug":"6-assiettes-a-dessert-ancienne-faience-de-pexonnedecor-de-fruits","status":"publish","type":"product","link":"https:\/\/marneantic.com\/index.php\/produit\/6-assiettes-a-dessert-ancienne-faience-de-pexonnedecor-de-fruits\/","title":{"rendered":"6 assiettes a dessert ancienne fa\u00efence de Pexonne,d\u00e9cor de fruits"},"content":{"rendered":"","protected":false},"excerpt":{"rendered":"<p>6 assiettes a dessert ancienne en fa\u00efence de Pexonne a d\u00e9cor de fruits,3 mod\u00e8les diff\u00e9rents,en tr\u00e8s bon \u00e9tat,diametre:19.5cm<\/p>\n","protected":false},"featured_media":3644,"comment_status":"open","ping_status":"closed","template":"","meta":{"_et_pb_use_builder":"","_et_pb_old_content":"","_et_gb_content_width":""},"product_cat":[27,7],"product_tag":[],"_links":{"self":[{"href":"https:\/\/marneantic.com\/index.php\/wp-json\/wp\/v2\/product\/3641"}],"collection":[{"href":"https:\/\/marneantic.com\/index.php\/wp-json\/wp\/v2\/product"}],"about":[{"href":"https:\/\/marneantic.com\/index.php\/wp-json\/wp\/v2\/types\/product"}],"replies":[{"embeddable":true,"href":"https:\/\/marneantic.com\/index.php\/wp-json\/wp\/v2\/comments?post=3641"}],"wp:featuredmedia":[{"embeddable":true,"href":"https:\/\/marneantic.com\/index.php\/wp-json\/wp\/v2\/media\/3644"}],"wp:attachment":[{"href":"https:\/\/marneantic.com\/index.php\/wp-json\/wp\/v2\/media?parent=3641"}],"wp:term":[{"taxonomy":"product_cat","embeddable":true,"href":"https:\/\/marneantic.com\/index.php\/wp-json\/wp\/v2\/product_cat?post=3641"},{"taxonomy":"product_tag","embeddable":true,"href":"https:\/\/marneantic.com\/index.php\/wp-json\/wp\/v2\/product_tag?post=3641"}],"curies":[{"name":"wp","href":"https:\/\/api.w.org\/{rel}","templated":true}]}}