{"id":3675,"date":"2017-09-08T15:38:23","date_gmt":"2017-09-08T14:38:23","guid":{"rendered":"http:\/\/marneantic.com\/?post_type=product&#038;p=3675"},"modified":"2019-08-12T07:32:10","modified_gmt":"2019-08-12T06:32:10","slug":"verre-en-cristal-art-decopied-diamant","status":"publish","type":"product","link":"https:\/\/marneantic.com\/index.php\/produit\/verre-en-cristal-art-decopied-diamant\/","title":{"rendered":"verre en cristal art-d\u00e9co,pied diamant"},"content":{"rendered":"","protected":false},"excerpt":{"rendered":"<p>verre en cristal art-d\u00e9co,pied diamant,tr\u00e8s beau mod\u00e8le,en tr\u00e8s bon \u00e9tat,hauteur:8.5cm,diam\u00e8tre du buvant:6.3cm,diam\u00e8tre du pied:5cm<\/p>\n","protected":false},"featured_media":3677,"comment_status":"open","ping_status":"closed","template":"","meta":{"_et_pb_use_builder":"","_et_pb_old_content":"","_et_gb_content_width":""},"product_cat":[10,44,11],"product_tag":[],"_links":{"self":[{"href":"https:\/\/marneantic.com\/index.php\/wp-json\/wp\/v2\/product\/3675"}],"collection":[{"href":"https:\/\/marneantic.com\/index.php\/wp-json\/wp\/v2\/product"}],"about":[{"href":"https:\/\/marneantic.com\/index.php\/wp-json\/wp\/v2\/types\/product"}],"replies":[{"embeddable":true,"href":"https:\/\/marneantic.com\/index.php\/wp-json\/wp\/v2\/comments?post=3675"}],"wp:featuredmedia":[{"embeddable":true,"href":"https:\/\/marneantic.com\/index.php\/wp-json\/wp\/v2\/media\/3677"}],"wp:attachment":[{"href":"https:\/\/marneantic.com\/index.php\/wp-json\/wp\/v2\/media?parent=3675"}],"wp:term":[{"taxonomy":"product_cat","embeddable":true,"href":"https:\/\/marneantic.com\/index.php\/wp-json\/wp\/v2\/product_cat?post=3675"},{"taxonomy":"product_tag","embeddable":true,"href":"https:\/\/marneantic.com\/index.php\/wp-json\/wp\/v2\/product_tag?post=3675"}],"curies":[{"name":"wp","href":"https:\/\/api.w.org\/{rel}","templated":true}]}}