{"id":3696,"date":"2017-09-12T15:24:27","date_gmt":"2017-09-12T14:24:27","guid":{"rendered":"http:\/\/marneantic.com\/?post_type=product&#038;p=3696"},"modified":"2025-12-18T08:15:34","modified_gmt":"2025-12-18T07:15:34","slug":"vase-fuseau-faience-de-fives-lilledecor-narcisse","status":"publish","type":"product","link":"https:\/\/marneantic.com\/index.php\/produit\/vase-fuseau-faience-de-fives-lilledecor-narcisse\/","title":{"rendered":"Vase fuseau fa\u00efence de Fives-lille,d\u00e9cor narcisse"},"content":{"rendered":"","protected":false},"excerpt":{"rendered":"<p>Vase fuseau en fa\u00efence de Fives-lille,d\u00e9cor narcisse,d\u00e9but 20eme,en tr\u00e8s bon \u00e9tat,hauteur:27.5cm,diam\u00e8tre au col:5.5cm,diam\u00e8tre \u00a0du pied:9cm<\/p>\n","protected":false},"featured_media":3698,"comment_status":"open","ping_status":"closed","template":"","meta":{"_et_pb_use_builder":"","_et_pb_old_content":"","_et_gb_content_width":""},"product_cat":[14,8],"product_tag":[],"_links":{"self":[{"href":"https:\/\/marneantic.com\/index.php\/wp-json\/wp\/v2\/product\/3696"}],"collection":[{"href":"https:\/\/marneantic.com\/index.php\/wp-json\/wp\/v2\/product"}],"about":[{"href":"https:\/\/marneantic.com\/index.php\/wp-json\/wp\/v2\/types\/product"}],"replies":[{"embeddable":true,"href":"https:\/\/marneantic.com\/index.php\/wp-json\/wp\/v2\/comments?post=3696"}],"wp:featuredmedia":[{"embeddable":true,"href":"https:\/\/marneantic.com\/index.php\/wp-json\/wp\/v2\/media\/3698"}],"wp:attachment":[{"href":"https:\/\/marneantic.com\/index.php\/wp-json\/wp\/v2\/media?parent=3696"}],"wp:term":[{"taxonomy":"product_cat","embeddable":true,"href":"https:\/\/marneantic.com\/index.php\/wp-json\/wp\/v2\/product_cat?post=3696"},{"taxonomy":"product_tag","embeddable":true,"href":"https:\/\/marneantic.com\/index.php\/wp-json\/wp\/v2\/product_tag?post=3696"}],"curies":[{"name":"wp","href":"https:\/\/api.w.org\/{rel}","templated":true}]}}