{"id":3726,"date":"2017-09-14T10:59:39","date_gmt":"2017-09-14T09:59:39","guid":{"rendered":"http:\/\/marneantic.com\/index.php\/produit\/pelle-a-gateau-anciennemanche-argent\/"},"modified":"2017-09-14T11:07:23","modified_gmt":"2017-09-14T10:07:23","slug":"pelle-a-gateau-anciennemanche-argent","status":"publish","type":"product","link":"https:\/\/marneantic.com\/index.php\/produit\/pelle-a-gateau-anciennemanche-argent\/","title":{"rendered":"Pelle a g\u00e2teau ancienne,manche argent"},"content":{"rendered":"","protected":false},"excerpt":{"rendered":"<p>pelle a g\u00e2teau ancienne,manche en argent,poin\u00e7on minerve et pelle en m\u00e9tal dor\u00e9,en bon \u00e9tat(2 petites bosse sur le manche),longueur:26cm<\/p>\n","protected":false},"featured_media":3729,"comment_status":"open","ping_status":"closed","template":"","meta":{"_et_pb_use_builder":"","_et_pb_old_content":"","_et_gb_content_width":""},"product_cat":[12,10,29],"product_tag":[],"_links":{"self":[{"href":"https:\/\/marneantic.com\/index.php\/wp-json\/wp\/v2\/product\/3726"}],"collection":[{"href":"https:\/\/marneantic.com\/index.php\/wp-json\/wp\/v2\/product"}],"about":[{"href":"https:\/\/marneantic.com\/index.php\/wp-json\/wp\/v2\/types\/product"}],"replies":[{"embeddable":true,"href":"https:\/\/marneantic.com\/index.php\/wp-json\/wp\/v2\/comments?post=3726"}],"wp:featuredmedia":[{"embeddable":true,"href":"https:\/\/marneantic.com\/index.php\/wp-json\/wp\/v2\/media\/3729"}],"wp:attachment":[{"href":"https:\/\/marneantic.com\/index.php\/wp-json\/wp\/v2\/media?parent=3726"}],"wp:term":[{"taxonomy":"product_cat","embeddable":true,"href":"https:\/\/marneantic.com\/index.php\/wp-json\/wp\/v2\/product_cat?post=3726"},{"taxonomy":"product_tag","embeddable":true,"href":"https:\/\/marneantic.com\/index.php\/wp-json\/wp\/v2\/product_tag?post=3726"}],"curies":[{"name":"wp","href":"https:\/\/api.w.org\/{rel}","templated":true}]}}