{"id":3871,"date":"2017-11-04T15:36:32","date_gmt":"2017-11-04T14:36:32","guid":{"rendered":"http:\/\/marneantic.com\/index.php\/produit\/coupe-sur-pied-ancienne-en-verre-moule\/"},"modified":"2017-11-04T15:42:48","modified_gmt":"2017-11-04T14:42:48","slug":"coupe-sur-pied-ancienne-en-verre-moule","status":"publish","type":"product","link":"https:\/\/marneantic.com\/index.php\/produit\/coupe-sur-pied-ancienne-en-verre-moule\/","title":{"rendered":"Coupe sur pied ancienne en verre moul\u00e9"},"content":{"rendered":"","protected":false},"excerpt":{"rendered":"<p>coupe sur pied ancienne en verre moul\u00e9,en tr\u00e8s bon \u00e9tat,hauteur:8.5cm,diam\u00e8tre:16cm,diam\u00e8tre du pied:9cm<\/p>\n","protected":false},"featured_media":3874,"comment_status":"closed","ping_status":"closed","template":"","meta":{"_et_pb_use_builder":"","_et_pb_old_content":"","_et_gb_content_width":""},"product_cat":[14,8,11],"product_tag":[],"_links":{"self":[{"href":"https:\/\/marneantic.com\/index.php\/wp-json\/wp\/v2\/product\/3871"}],"collection":[{"href":"https:\/\/marneantic.com\/index.php\/wp-json\/wp\/v2\/product"}],"about":[{"href":"https:\/\/marneantic.com\/index.php\/wp-json\/wp\/v2\/types\/product"}],"replies":[{"embeddable":true,"href":"https:\/\/marneantic.com\/index.php\/wp-json\/wp\/v2\/comments?post=3871"}],"wp:featuredmedia":[{"embeddable":true,"href":"https:\/\/marneantic.com\/index.php\/wp-json\/wp\/v2\/media\/3874"}],"wp:attachment":[{"href":"https:\/\/marneantic.com\/index.php\/wp-json\/wp\/v2\/media?parent=3871"}],"wp:term":[{"taxonomy":"product_cat","embeddable":true,"href":"https:\/\/marneantic.com\/index.php\/wp-json\/wp\/v2\/product_cat?post=3871"},{"taxonomy":"product_tag","embeddable":true,"href":"https:\/\/marneantic.com\/index.php\/wp-json\/wp\/v2\/product_tag?post=3871"}],"curies":[{"name":"wp","href":"https:\/\/api.w.org\/{rel}","templated":true}]}}