{"id":3945,"date":"2017-11-15T17:19:57","date_gmt":"2017-11-15T16:19:57","guid":{"rendered":"http:\/\/marneantic.com\/index.php\/produit\/tasse-a-cafe-en-porcelaine-de-limoges\/"},"modified":"2021-02-26T19:49:55","modified_gmt":"2021-02-26T18:49:55","slug":"tasse-a-cafe-en-porcelaine-de-limoges","status":"publish","type":"product","link":"https:\/\/marneantic.com\/index.php\/produit\/tasse-a-cafe-en-porcelaine-de-limoges\/","title":{"rendered":"Tasse a caf\u00e9 en porcelaine de Limoges"},"content":{"rendered":"","protected":false},"excerpt":{"rendered":"<p>tasse a caf\u00e9 ancienne en porcelaine de Limoges(atelier DESHOULIERES),en tr\u00e8s bon \u00e9tat,tasse hauteur:6cm,diametre:5.3cm,diam\u00e8tre soucoupe:12cm<\/p>\n","protected":false},"featured_media":3948,"comment_status":"closed","ping_status":"closed","template":"","meta":{"_et_pb_use_builder":"","_et_pb_old_content":"","_et_gb_content_width":""},"product_cat":[26,7],"product_tag":[],"_links":{"self":[{"href":"https:\/\/marneantic.com\/index.php\/wp-json\/wp\/v2\/product\/3945"}],"collection":[{"href":"https:\/\/marneantic.com\/index.php\/wp-json\/wp\/v2\/product"}],"about":[{"href":"https:\/\/marneantic.com\/index.php\/wp-json\/wp\/v2\/types\/product"}],"replies":[{"embeddable":true,"href":"https:\/\/marneantic.com\/index.php\/wp-json\/wp\/v2\/comments?post=3945"}],"wp:featuredmedia":[{"embeddable":true,"href":"https:\/\/marneantic.com\/index.php\/wp-json\/wp\/v2\/media\/3948"}],"wp:attachment":[{"href":"https:\/\/marneantic.com\/index.php\/wp-json\/wp\/v2\/media?parent=3945"}],"wp:term":[{"taxonomy":"product_cat","embeddable":true,"href":"https:\/\/marneantic.com\/index.php\/wp-json\/wp\/v2\/product_cat?post=3945"},{"taxonomy":"product_tag","embeddable":true,"href":"https:\/\/marneantic.com\/index.php\/wp-json\/wp\/v2\/product_tag?post=3945"}],"curies":[{"name":"wp","href":"https:\/\/api.w.org\/{rel}","templated":true}]}}