{"id":3978,"date":"2017-11-22T16:16:27","date_gmt":"2017-11-22T15:16:27","guid":{"rendered":"http:\/\/marneantic.com\/index.php\/produit\/seau-a-glace-publicitairesuzeannees-60\/"},"modified":"2017-11-22T16:22:16","modified_gmt":"2017-11-22T15:22:16","slug":"seau-a-glace-publicitairesuzeannees-60","status":"publish","type":"product","link":"https:\/\/marneantic.com\/index.php\/produit\/seau-a-glace-publicitairesuzeannees-60\/","title":{"rendered":"Seau a glace publicitaire\u00a0\u00bbSUZE\u00a0\u00bbann\u00e9es 60&prime;"},"content":{"rendered":"","protected":false},"excerpt":{"rendered":"<p>Seau a glace publicitaire\u00a0\u00bbsuze\u00a0\u00bb ann\u00e9es 60&prime;,en tr\u00e8s bon \u00e9tat,hauteur:11cm,diam\u00e8tre:12.5cm<\/p>\n","protected":false},"featured_media":3979,"comment_status":"closed","ping_status":"closed","template":"","meta":{"_et_pb_use_builder":"","_et_pb_old_content":"","_et_gb_content_width":""},"product_cat":[15,16],"product_tag":[],"_links":{"self":[{"href":"https:\/\/marneantic.com\/index.php\/wp-json\/wp\/v2\/product\/3978"}],"collection":[{"href":"https:\/\/marneantic.com\/index.php\/wp-json\/wp\/v2\/product"}],"about":[{"href":"https:\/\/marneantic.com\/index.php\/wp-json\/wp\/v2\/types\/product"}],"replies":[{"embeddable":true,"href":"https:\/\/marneantic.com\/index.php\/wp-json\/wp\/v2\/comments?post=3978"}],"wp:featuredmedia":[{"embeddable":true,"href":"https:\/\/marneantic.com\/index.php\/wp-json\/wp\/v2\/media\/3979"}],"wp:attachment":[{"href":"https:\/\/marneantic.com\/index.php\/wp-json\/wp\/v2\/media?parent=3978"}],"wp:term":[{"taxonomy":"product_cat","embeddable":true,"href":"https:\/\/marneantic.com\/index.php\/wp-json\/wp\/v2\/product_cat?post=3978"},{"taxonomy":"product_tag","embeddable":true,"href":"https:\/\/marneantic.com\/index.php\/wp-json\/wp\/v2\/product_tag?post=3978"}],"curies":[{"name":"wp","href":"https:\/\/api.w.org\/{rel}","templated":true}]}}