{"id":405,"date":"2016-02-18T16:34:43","date_gmt":"2016-02-18T15:34:43","guid":{"rendered":"http:\/\/marneantic.com\/?post_type=product&#038;p=405"},"modified":"2016-10-17T17:06:21","modified_gmt":"2016-10-17T16:06:21","slug":"service-a-decouper-ancien-en-metal-argente-et-acier","status":"publish","type":"product","link":"https:\/\/marneantic.com\/index.php\/produit\/service-a-decouper-ancien-en-metal-argente-et-acier\/","title":{"rendered":"Service a d\u00e9couper ancien en m\u00e9tal argent\u00e9 et acier"},"content":{"rendered":"","protected":false},"excerpt":{"rendered":"<p>Service a d\u00e9couper ancien en m\u00e9tal argent\u00e9 et acier,orf\u00e8vrerie Boulenger,en bon \u00e9tat(l\u00e9g\u00e8re usure de l&rsquo;argenterie sur le cartouche du couteau et traces d&rsquo;usage sur l&rsquo;acier des lames)longueur:32 et 28cm,en \u00e9crin d&rsquo;origine<\/p>\n","protected":false},"featured_media":415,"comment_status":"closed","ping_status":"closed","template":"","meta":{"_et_pb_use_builder":"","_et_pb_old_content":"","_et_gb_content_width":""},"product_cat":[12,10,29],"product_tag":[],"_links":{"self":[{"href":"https:\/\/marneantic.com\/index.php\/wp-json\/wp\/v2\/product\/405"}],"collection":[{"href":"https:\/\/marneantic.com\/index.php\/wp-json\/wp\/v2\/product"}],"about":[{"href":"https:\/\/marneantic.com\/index.php\/wp-json\/wp\/v2\/types\/product"}],"replies":[{"embeddable":true,"href":"https:\/\/marneantic.com\/index.php\/wp-json\/wp\/v2\/comments?post=405"}],"wp:featuredmedia":[{"embeddable":true,"href":"https:\/\/marneantic.com\/index.php\/wp-json\/wp\/v2\/media\/415"}],"wp:attachment":[{"href":"https:\/\/marneantic.com\/index.php\/wp-json\/wp\/v2\/media?parent=405"}],"wp:term":[{"taxonomy":"product_cat","embeddable":true,"href":"https:\/\/marneantic.com\/index.php\/wp-json\/wp\/v2\/product_cat?post=405"},{"taxonomy":"product_tag","embeddable":true,"href":"https:\/\/marneantic.com\/index.php\/wp-json\/wp\/v2\/product_tag?post=405"}],"curies":[{"name":"wp","href":"https:\/\/api.w.org\/{rel}","templated":true}]}}